{"id":48,"date":"2016-12-17T04:33:53","date_gmt":"2016-12-17T04:33:53","guid":{"rendered":"http:\/\/127.0.0.1:90\/uel\/?page_id=48"},"modified":"2017-08-07T18:41:19","modified_gmt":"2017-08-07T21:41:19","slug":"laboratorio-ictiologia","status":"publish","type":"page","link":"https:\/\/lillo.org.ar\/uel\/laboratorio-ictiologia\/","title":{"rendered":"Laboratorio de Ictiolog\u00eda"},"content":{"rendered":"<p>El contenido de esta p\u00e1gina se encuentra en preparaci\u00f3n.<\/p>\n","protected":false},"excerpt":{"rendered":"<p>El contenido de esta p\u00e1gina se encuentra en preparaci\u00f3n.<\/p>\n","protected":false},"author":1,"featured_media":0,"parent":0,"menu_order":0,"comment_status":"closed","ping_status":"closed","template":"","meta":[],"aioseo_notices":[],"_links":{"self":[{"href":"https:\/\/lillo.org.ar\/uel\/wp-json\/wp\/v2\/pages\/48"}],"collection":[{"href":"https:\/\/lillo.org.ar\/uel\/wp-json\/wp\/v2\/pages"}],"about":[{"href":"https:\/\/lillo.org.ar\/uel\/wp-json\/wp\/v2\/types\/page"}],"author":[{"embeddable":true,"href":"https:\/\/lillo.org.ar\/uel\/wp-json\/wp\/v2\/users\/1"}],"replies":[{"embeddable":true,"href":"https:\/\/lillo.org.ar\/uel\/wp-json\/wp\/v2\/comments?post=48"}],"version-history":[{"count":3,"href":"https:\/\/lillo.org.ar\/uel\/wp-json\/wp\/v2\/pages\/48\/revisions"}],"predecessor-version":[{"id":436,"href":"https:\/\/lillo.org.ar\/uel\/wp-json\/wp\/v2\/pages\/48\/revisions\/436"}],"wp:attachment":[{"href":"https:\/\/lillo.org.ar\/uel\/wp-json\/wp\/v2\/media?parent=48"}],"curies":[{"name":"wp","href":"https:\/\/api.w.org\/{rel}","templated":true}]}}