{"id":26,"date":"2016-12-17T04:17:13","date_gmt":"2016-12-17T04:17:13","guid":{"rendered":"http:\/\/127.0.0.1:90\/uel\/?page_id=26"},"modified":"2024-07-11T13:13:19","modified_gmt":"2024-07-11T16:13:19","slug":"acerca-de-la-uel","status":"publish","type":"page","link":"https:\/\/lillo.org.ar\/uel\/acerca-de-la-uel\/","title":{"rendered":"Qu\u00e9 es la UE Lillo"},"content":{"rendered":"<figure id=\"attachment_1886\" aria-describedby=\"caption-attachment-1886\" style=\"width: 760px\" class=\"wp-caption aligncenter\"><img loading=\"lazy\" src=\"http:\/\/lillo.org.ar\/uel\/wp-content\/uploads\/2024-fmlillo-foto-uel-01-760x393.jpg\" alt=\"\" width=\"760\" class=\"wp-image-1886 size-large\" height=\"393\" srcset=\"https:\/\/lillo.org.ar\/uel\/wp-content\/uploads\/2024-fmlillo-foto-uel-01-760x393.jpg 760w, https:\/\/lillo.org.ar\/uel\/wp-content\/uploads\/2024-fmlillo-foto-uel-01-400x207.jpg 400w, https:\/\/lillo.org.ar\/uel\/wp-content\/uploads\/2024-fmlillo-foto-uel-01-768x397.jpg 768w, https:\/\/lillo.org.ar\/uel\/wp-content\/uploads\/2024-fmlillo-foto-uel-01-1536x795.jpg 1536w, https:\/\/lillo.org.ar\/uel\/wp-content\/uploads\/2024-fmlillo-foto-uel-01.jpg 1739w\" sizes=\"(max-width: 760px) 100vw, 760px\" \/><figcaption id=\"caption-attachment-1886\" class=\"wp-caption-text\">Agentes de la UEL 2024<\/figcaption><\/figure>\n\t<div class=\"gridable gridable--row\" >\n\t\t\t<div class=\"gridable--col col-6\" >\n\t\t<p align=\"justify\">La Unidad Ejecutora Lillo (UEL, creada en el a\u00f1o 2014) tiene como prop\u00f3sito desarrollar y fomentar estudios de taxonom\u00eda, sistem\u00e1tica y biolog\u00eda evolutiva.<\/p>\n<p align=\"justify\">Nuestras actividades comprenden por un lado el desarrollo de investigaciones emp\u00edricas en Taxonom\u00eda y Filogenia de distintos grupos de organismos actuales y f\u00f3siles, y por el otro, investigaciones en Metodolog\u00eda y desarrollo de nuevas herramientas computacionales, cuya complementaci\u00f3n en ambos aspectos se logra de manera armoniosa y efectiva.<\/p>\n<p align=\"justify\">Estas investigaciones se encuadran en la Biolog\u00eda Comparada, que sigue el marco cl\u00e1sico delineado por los antiguos naturalistas, pero renovadas por el uso de herramientas modernas en an\u00e1lisis y tomas de datos. Esto implica el desarrollo de software espec\u00edfico para el an\u00e1lisis de datos evolutivos, datos moleculares, que aplica de manera expl\u00edcita de los datos con una base te\u00f3rica metodol\u00f3gica, y es cuantificado a trav\u00e9s de herramientas computacionales.<\/p>\t<\/div>\n\t<div class=\"gridable--col col-6\" >\n\t\t<p align=\"justify\">Las investigaciones desarrolladas en la UE Lillo se enfocan en distintos grupos de organismos actuales (Plantas, todas las clases de Vertebrados, Ar\u00e1cnidos, y varios \u00f3rdenes de Insectos) como f\u00f3siles (Plantas y Vertebrados). Nuestro grupo se enfoca en aspectos de taxonom\u00eda alfa (relevamiento b\u00e1sico de la biodiversidad, descripci\u00f3n de nuevas especies), en aspectos filogen\u00e9ticos y evolutivos (investigaciones en filogenia, ontogenia, y morfolog\u00eda funcional), como en aspectos de la distribuci\u00f3n geogr\u00e1fica (\u00e1reas de endemismo, vicarianza).<\/p>\n<p align=\"justify\">La UE Lillo se caracteriza por reunir a agentes de primer nivel tanto en aspectos de metodolog\u00eda como en taxonom\u00eda aplicada, ambos en interacci\u00f3n permanente y produciendo contribuciones significativas, que en buena medida marcan el rumbo de las investigaciones en el tema en el pa\u00eds, con lo que el grupo es un referente obligado en estudios de biodiversidad, taxonom\u00eda, y filogenia, tanto a nivel nacional, como en el extranjero.<\/p>\t<\/div>\n\t<\/div>\n\n","protected":false},"excerpt":{"rendered":"","protected":false},"author":1,"featured_media":0,"parent":0,"menu_order":0,"comment_status":"closed","ping_status":"closed","template":"","meta":[],"aioseo_notices":[],"_links":{"self":[{"href":"https:\/\/lillo.org.ar\/uel\/wp-json\/wp\/v2\/pages\/26"}],"collection":[{"href":"https:\/\/lillo.org.ar\/uel\/wp-json\/wp\/v2\/pages"}],"about":[{"href":"https:\/\/lillo.org.ar\/uel\/wp-json\/wp\/v2\/types\/page"}],"author":[{"embeddable":true,"href":"https:\/\/lillo.org.ar\/uel\/wp-json\/wp\/v2\/users\/1"}],"replies":[{"embeddable":true,"href":"https:\/\/lillo.org.ar\/uel\/wp-json\/wp\/v2\/comments?post=26"}],"version-history":[{"count":37,"href":"https:\/\/lillo.org.ar\/uel\/wp-json\/wp\/v2\/pages\/26\/revisions"}],"predecessor-version":[{"id":1893,"href":"https:\/\/lillo.org.ar\/uel\/wp-json\/wp\/v2\/pages\/26\/revisions\/1893"}],"wp:attachment":[{"href":"https:\/\/lillo.org.ar\/uel\/wp-json\/wp\/v2\/media?parent=26"}],"curies":[{"name":"wp","href":"https:\/\/api.w.org\/{rel}","templated":true}]}}