{"id":2404,"date":"2026-03-25T15:04:21","date_gmt":"2026-03-25T18:04:21","guid":{"rendered":"https:\/\/lillo.org.ar\/uel\/?page_id=2404"},"modified":"2026-03-25T15:13:21","modified_gmt":"2026-03-25T18:13:21","slug":"analisis-de-homologias-alternativas-con-parsimonia","status":"publish","type":"page","link":"https:\/\/lillo.org.ar\/uel\/analisis-de-homologias-alternativas-con-parsimonia\/","title":{"rendered":"An\u00e1lisis de homolog\u00edas alternativas con Parsimonia"},"content":{"rendered":"<p>Este art\u00edculo describe c\u00f3mo la incertidumbre previa acerca de la homolog\u00eda de distintas partes de los organismos, y por lo tanto de los caracteres contenidos en esas partes, puede analizarse recodificando el conjunto de caracteres en un car\u00e1cter complejo. En este car\u00e1cter complejo, los estados representan combinaciones de estados y de homolog\u00edas entre los caracteres originales, y los costos de transformaci\u00f3n entre estados se establecen en valores que maximizan la homolog\u00eda (ponderada). Esto permite un tratamiento adecuado tanto de las homolog\u00edas alternativas como de la inaplicabilidad de los caracteres contenidos en partes que pueden estar ausentes o presentes. Todos los m\u00e9todos descritos est\u00e1n implementados en el programa TNT, con una sintaxis relativamente simple. Esto facilita el tratamiento de caracteres en partes del cuerpo de homolog\u00eda incierta, incluyendo partes que pueden aparecer o desaparecer, haciendo que sus caracteres resulten inaplicables. Los an\u00e1lisis tambi\u00e9n pueden combinarse con definiciones de otros tipos de dependencias (por ejemplo, restricciones morfofuncionales, o inaplicabilidades determinadas a partir de caracteres externos a las partes de homolog\u00eda ambigua). Aunque la recodificaci\u00f3n en combinaciones de estados y homolog\u00edas permite manejar un n\u00famero relativamente bajo de caracteres por parte (debido al tiempo de c\u00f3mputo y a los requerimientos de memoria RAM), TNT tambi\u00e9n implementa opciones que facilitan la creaci\u00f3n de alineamientos est\u00e1ticos alternativos, permitiendo un an\u00e1lisis aproximado de un mayor n\u00famero de caracteres.<\/p>\n<p>Pablo Goloboff<\/p>\n<p><a href=\"https:\/\/doi.org\/10.1111\/cla.70033\">https:\/\/doi.org\/10.1111\/cla.70033<\/a><\/p>\n","protected":false},"excerpt":{"rendered":"<p>Este art\u00edculo describe c\u00f3mo la incertidumbre previa acerca de la homolog\u00eda de distintas partes de los organismos, y por lo tanto de los caracteres contenidos en esas partes, puede analizarse recodificando el conjunto de caracteres en un car\u00e1cter complejo. En este car\u00e1cter complejo, los estados representan combinaciones de estados y de homolog\u00edas entre los caracteres [&hellip;]<\/p>\n","protected":false},"author":66,"featured_media":0,"parent":0,"menu_order":0,"comment_status":"closed","ping_status":"closed","template":"","meta":[],"aioseo_notices":[],"_links":{"self":[{"href":"https:\/\/lillo.org.ar\/uel\/wp-json\/wp\/v2\/pages\/2404"}],"collection":[{"href":"https:\/\/lillo.org.ar\/uel\/wp-json\/wp\/v2\/pages"}],"about":[{"href":"https:\/\/lillo.org.ar\/uel\/wp-json\/wp\/v2\/types\/page"}],"author":[{"embeddable":true,"href":"https:\/\/lillo.org.ar\/uel\/wp-json\/wp\/v2\/users\/66"}],"replies":[{"embeddable":true,"href":"https:\/\/lillo.org.ar\/uel\/wp-json\/wp\/v2\/comments?post=2404"}],"version-history":[{"count":2,"href":"https:\/\/lillo.org.ar\/uel\/wp-json\/wp\/v2\/pages\/2404\/revisions"}],"predecessor-version":[{"id":2406,"href":"https:\/\/lillo.org.ar\/uel\/wp-json\/wp\/v2\/pages\/2404\/revisions\/2406"}],"wp:attachment":[{"href":"https:\/\/lillo.org.ar\/uel\/wp-json\/wp\/v2\/media?parent=2404"}],"curies":[{"name":"wp","href":"https:\/\/api.w.org\/{rel}","templated":true}]}}