{"id":2383,"date":"2026-03-16T12:40:41","date_gmt":"2026-03-16T15:40:41","guid":{"rendered":"https:\/\/lillo.org.ar\/uel\/?page_id=2383"},"modified":"2026-03-17T13:34:56","modified_gmt":"2026-03-17T16:34:56","slug":"stan-mamiferos","status":"publish","type":"page","link":"https:\/\/lillo.org.ar\/uel\/stan-mamiferos\/","title":{"rendered":"STAN: Mam\u00edferos"},"content":{"rendered":"<h3>Detalle<\/h3>\n<p>Servicios especializados en relevamientos de comunidades de mam\u00edferos para elaborar l\u00edneas de base de diversidad; Actividades de campo, laboratorio y oficina. Relevamiento, identificaci\u00f3n taxon\u00f3mica, estado de conservaci\u00f3n, ecolog\u00eda y aspectos biol\u00f3gicos generales, tales como l\u00edneas de base, monitoreos, evaluaci\u00f3n de informes, identificaci\u00f3n de especies, estado y acciones de conservaci\u00f3n, entre otras. Destinado a particulares, empresas privadas, y organismos gubernamentales y no gubernamentales. <\/p>\n<h3>Metodolog\u00eda<\/h3>\n<p>Relevamiento de bibliograf\u00eda preexistente sobre rango geogr\u00e1fico, conservaci\u00f3n, y endemismo de las especies; estudios de campo para el registros de especies; colecta, taxidermia, y preservaci\u00f3n de espec\u00edmenes; elaboraci\u00f3n de bases de datos; caracterizaci\u00f3n cualitativa y cuantitativa de biodiversidad; identificaci\u00f3n taxon\u00f3mica, mapeo geogr\u00e1fico; implementaci\u00f3n de dise\u00f1o de campo y estudio estad\u00edstico para monitoreo de biodiversidad.<\/p>\n<h3>Contacto<\/h3>\n<p>uel@conicet.gov.ar<\/p>\n","protected":false},"excerpt":{"rendered":"<p>Detalle Servicios especializados en relevamientos de comunidades de mam\u00edferos para elaborar l\u00edneas de base de diversidad; Actividades de campo, laboratorio y oficina. Relevamiento, identificaci\u00f3n taxon\u00f3mica, estado de conservaci\u00f3n, ecolog\u00eda y aspectos biol\u00f3gicos generales, tales como l\u00edneas de base, monitoreos, evaluaci\u00f3n de informes, identificaci\u00f3n de especies, estado y acciones de conservaci\u00f3n, entre otras. Destinado a particulares, [&hellip;]<\/p>\n","protected":false},"author":66,"featured_media":0,"parent":0,"menu_order":0,"comment_status":"closed","ping_status":"closed","template":"","meta":[],"aioseo_notices":[],"_links":{"self":[{"href":"https:\/\/lillo.org.ar\/uel\/wp-json\/wp\/v2\/pages\/2383"}],"collection":[{"href":"https:\/\/lillo.org.ar\/uel\/wp-json\/wp\/v2\/pages"}],"about":[{"href":"https:\/\/lillo.org.ar\/uel\/wp-json\/wp\/v2\/types\/page"}],"author":[{"embeddable":true,"href":"https:\/\/lillo.org.ar\/uel\/wp-json\/wp\/v2\/users\/66"}],"replies":[{"embeddable":true,"href":"https:\/\/lillo.org.ar\/uel\/wp-json\/wp\/v2\/comments?post=2383"}],"version-history":[{"count":2,"href":"https:\/\/lillo.org.ar\/uel\/wp-json\/wp\/v2\/pages\/2383\/revisions"}],"predecessor-version":[{"id":2385,"href":"https:\/\/lillo.org.ar\/uel\/wp-json\/wp\/v2\/pages\/2383\/revisions\/2385"}],"wp:attachment":[{"href":"https:\/\/lillo.org.ar\/uel\/wp-json\/wp\/v2\/media?parent=2383"}],"curies":[{"name":"wp","href":"https:\/\/api.w.org\/{rel}","templated":true}]}}