{"id":2381,"date":"2026-03-16T12:39:13","date_gmt":"2026-03-16T15:39:13","guid":{"rendered":"https:\/\/lillo.org.ar\/uel\/?page_id=2381"},"modified":"2026-03-17T13:35:13","modified_gmt":"2026-03-17T16:35:13","slug":"stan-herpetologia","status":"publish","type":"page","link":"https:\/\/lillo.org.ar\/uel\/stan-herpetologia\/","title":{"rendered":"STAN: Herpetolog\u00eda"},"content":{"rendered":"<h3>Detalle<\/h3>\n<p>Desarrollo actividades de capacitaci\u00f3n y asesoramiento t\u00e9cnico sobre anfibios (ranas y sapos) y reptiles (lagartijas, v\u00edboras, tortugas, yacar\u00e9s) relacionadas a aspectos generales, clasificaci\u00f3n, filogenia, taxonom\u00eda, biolog\u00eda, ecolog\u00eda, etolog\u00eda, fisiolog\u00eda, anatom\u00eda, historia y dem\u00e1s ramas de la biolog\u00eda. Destinado a particulares, empresas privadas, organismos p\u00fablicos y p\u00fablico en general. Puede comprender material bibliogr\u00e1fico con la informaci\u00f3n t\u00e9cnica del dictado de curso\/capacitaci\u00f3n.<\/p>\n<h3>Metodolog\u00eda<\/h3>\n<p>Las actividades a realizarse y su duraci\u00f3n estar\u00e1n sujetas al alcance de la propuesta para los contratantes, la modalidad del asesoramiento puede ser presencial y\/o virtual, as\u00ed como puede considerar una evaluaci\u00f3n final. <\/p>\n<h3>Contacto<\/h3>\n<p>uel@conicet.gov.ar<\/p>\n","protected":false},"excerpt":{"rendered":"<p>Detalle Desarrollo actividades de capacitaci\u00f3n y asesoramiento t\u00e9cnico sobre anfibios (ranas y sapos) y reptiles (lagartijas, v\u00edboras, tortugas, yacar\u00e9s) relacionadas a aspectos generales, clasificaci\u00f3n, filogenia, taxonom\u00eda, biolog\u00eda, ecolog\u00eda, etolog\u00eda, fisiolog\u00eda, anatom\u00eda, historia y dem\u00e1s ramas de la biolog\u00eda. Destinado a particulares, empresas privadas, organismos p\u00fablicos y p\u00fablico en general. Puede comprender material bibliogr\u00e1fico con la [&hellip;]<\/p>\n","protected":false},"author":66,"featured_media":0,"parent":0,"menu_order":0,"comment_status":"closed","ping_status":"closed","template":"","meta":[],"aioseo_notices":[],"_links":{"self":[{"href":"https:\/\/lillo.org.ar\/uel\/wp-json\/wp\/v2\/pages\/2381"}],"collection":[{"href":"https:\/\/lillo.org.ar\/uel\/wp-json\/wp\/v2\/pages"}],"about":[{"href":"https:\/\/lillo.org.ar\/uel\/wp-json\/wp\/v2\/types\/page"}],"author":[{"embeddable":true,"href":"https:\/\/lillo.org.ar\/uel\/wp-json\/wp\/v2\/users\/66"}],"replies":[{"embeddable":true,"href":"https:\/\/lillo.org.ar\/uel\/wp-json\/wp\/v2\/comments?post=2381"}],"version-history":[{"count":1,"href":"https:\/\/lillo.org.ar\/uel\/wp-json\/wp\/v2\/pages\/2381\/revisions"}],"predecessor-version":[{"id":2382,"href":"https:\/\/lillo.org.ar\/uel\/wp-json\/wp\/v2\/pages\/2381\/revisions\/2382"}],"wp:attachment":[{"href":"https:\/\/lillo.org.ar\/uel\/wp-json\/wp\/v2\/media?parent=2381"}],"curies":[{"name":"wp","href":"https:\/\/api.w.org\/{rel}","templated":true}]}}