{"id":2339,"date":"2026-03-16T12:30:29","date_gmt":"2026-03-16T15:30:29","guid":{"rendered":"https:\/\/lillo.org.ar\/uel\/?page_id=2339"},"modified":"2026-03-17T13:35:24","modified_gmt":"2026-03-17T16:35:24","slug":"stan-ictiologia","status":"publish","type":"page","link":"https:\/\/lillo.org.ar\/uel\/stan-ictiologia\/","title":{"rendered":"STAN: ICTIOLOG\u00cdA"},"content":{"rendered":"<h3>Detalle<\/h3>\n<p>An\u00e1lisis de la diversidad de peces en r\u00edos con intervenci\u00f3n antr\u00f3pica (i.e. represas, tomas de agua, etc.) como un primer paso para estimar caudales ecol\u00f3gicos seg\u00fan la metodolog\u00eda PHABSIM (Physical Habitat Simulation Method).<\/p>\n<h3>Metodolog\u00eda<\/h3>\n<p>\u00c1rea de estudio: Se establecen 5 estaciones de muestreo a lo largo de la cuenca en estudio. Las estaciones de muestreo son elegidas en base a las caracter\u00edsticas hidr\u00e1ulicas de las mismas, donde se priorizan aquellas que presenten dos secuencias de h\u00e1bitats r\u00e1pidos (i.e. rapidos, radiers) y l\u00e9nticos (i.e. pozas de agua, fosa de disipaci\u00f3n) seguidas, y que puedan ser visitadas durante todo el a\u00f1o. Muestreo biol\u00f3gico: Las colectas son estandarizadas, continuando con estas hasta que no se aprecien cambios importantes en la composici\u00f3n de especies. El material es fijado en el campo, seg\u00fan normas est\u00e1ndares, en formol 10%; en el laboratorio, los peces, son transferidos a alcohol al 70% para su preservaci\u00f3n. Una vez identificado el material a nivel espec\u00edfico, este se deposita en la colecci\u00f3n Ictiol\u00f3gica de la Fundaci\u00f3n Miguel Lillo. Muestreo ambiental: Se realiza la medici\u00f3n de las variables velocidad de corriente, profundidad y sustrato en cada punto donde se colectan peces. Esta informaci\u00f3n es usada posteriormente para realizar curvas de preferencia de h\u00e1bitat. Duraci\u00f3n de los muestreos: El tiempo invertido en cada estaci\u00f3n de muestreo depende del tama\u00f1o de esta, pero en general se estima alrededor de medio d\u00eda por punto de muestreo. Periodicidad de los muestreos: Los muestreos en peces deben ser realizados al menos en dos oportunidades, abarcando los periodos de aguas altas y aguas bajas, para poder establecer comparaciones en la diversidad de peces en relaci\u00f3n al periodo hidrol\u00f3gico. An\u00e1lisis de datos: Para describir los ensambles de peces encontrados en cada estaci\u00f3n de muestreo y la comparaci\u00f3n entre \u00e9stas se estiman los \u00edndices de diversidad de Shannon-Wiener, \u00edndice de equitatividad, junto con los \u00edndices de Morisita Horn y de Sorensen modificado. Estos \u00faltimos ser\u00e1n usados para establecer comparaciones entre los distintos puntos de muestreo.<\/p>\n<h3>Contacto<\/h3>\n<p>uel@conicet.gov.ar<\/p>\n","protected":false},"excerpt":{"rendered":"<p>Detalle An\u00e1lisis de la diversidad de peces en r\u00edos con intervenci\u00f3n antr\u00f3pica (i.e. represas, tomas de agua, etc.) como un primer paso para estimar caudales ecol\u00f3gicos seg\u00fan la metodolog\u00eda PHABSIM (Physical Habitat Simulation Method). Metodolog\u00eda \u00c1rea de estudio: Se establecen 5 estaciones de muestreo a lo largo de la cuenca en estudio. Las estaciones de [&hellip;]<\/p>\n","protected":false},"author":66,"featured_media":0,"parent":0,"menu_order":0,"comment_status":"closed","ping_status":"closed","template":"","meta":[],"aioseo_notices":[],"_links":{"self":[{"href":"https:\/\/lillo.org.ar\/uel\/wp-json\/wp\/v2\/pages\/2339"}],"collection":[{"href":"https:\/\/lillo.org.ar\/uel\/wp-json\/wp\/v2\/pages"}],"about":[{"href":"https:\/\/lillo.org.ar\/uel\/wp-json\/wp\/v2\/types\/page"}],"author":[{"embeddable":true,"href":"https:\/\/lillo.org.ar\/uel\/wp-json\/wp\/v2\/users\/66"}],"replies":[{"embeddable":true,"href":"https:\/\/lillo.org.ar\/uel\/wp-json\/wp\/v2\/comments?post=2339"}],"version-history":[{"count":3,"href":"https:\/\/lillo.org.ar\/uel\/wp-json\/wp\/v2\/pages\/2339\/revisions"}],"predecessor-version":[{"id":2398,"href":"https:\/\/lillo.org.ar\/uel\/wp-json\/wp\/v2\/pages\/2339\/revisions\/2398"}],"wp:attachment":[{"href":"https:\/\/lillo.org.ar\/uel\/wp-json\/wp\/v2\/media?parent=2339"}],"curies":[{"name":"wp","href":"https:\/\/api.w.org\/{rel}","templated":true}]}}