{"id":2272,"date":"2025-12-23T18:10:52","date_gmt":"2025-12-23T21:10:52","guid":{"rendered":"https:\/\/lillo.org.ar\/uel\/?page_id=2272"},"modified":"2025-12-23T18:19:36","modified_gmt":"2025-12-23T21:19:36","slug":"postmetamorphic-vertebral-development-in-hylid-and-leptodactylid-frogs-insights-into-its-relationship-to-modularity-and-morphological-disparity","status":"publish","type":"page","link":"https:\/\/lillo.org.ar\/uel\/postmetamorphic-vertebral-development-in-hylid-and-leptodactylid-frogs-insights-into-its-relationship-to-modularity-and-morphological-disparity\/","title":{"rendered":"Postmetamorphic vertebral development in hylid and  leptodactylid frogs: insights into its relationship to modularity  and morphological disparity"},"content":{"rendered":"<p>La columna vertebral es una estructura clave para entender c\u00f3mo se mueven y se adaptan los vertebrados a distintos ambientes. En las ranas y sapos, sin embargo, todav\u00eda se sabe poco sobre c\u00f3mo cambia esta estructura a lo largo del desarrollo. En este estudio analizamos la forma de la columna vertebral despu\u00e9s de la metamorfosis en 13 especies de dos familias de anuros, Hylidae y Leptodactylidae, utilizando herramientas de morfometr\u00eda geom\u00e9trica.<\/p>\n<p>Nuestros resultados muestran que la columna vertebral cambia de manera notable desde juveniles hasta adultos. Las ranas j\u00f3venes presentan v\u00e9rtebras m\u00e1s anchas lateralmente y comprimidas de adelante hacia atr\u00e1s, mientras que en los adultos las v\u00e9rtebras se vuelven m\u00e1s estrechas, con un sacro m\u00e1s desarrollado y un urostilo m\u00e1s marcado. Adem\u00e1s, detectamos un cambio en la forma en que las distintas partes de la columna se relacionan entre s\u00ed: en juveniles, las v\u00e9rtebras funcionan de manera m\u00e1s independiente, mientras que en adultos muestran una mayor integraci\u00f3n, especialmente entre las v\u00e9rtebras posteriores y el complejo sacro-urostilar.<\/p>\n<p>Tambi\u00e9n encontramos diferencias claras entre familias. Las especies de Leptodactylidae presentan columnas vertebrales m\u00e1s robustas, con v\u00e9rtebras compactas y espinas neurales bien desarrolladas, mientras que las de Hylidae tienen v\u00e9rtebras m\u00e1s comprimidas y una columna relativamente m\u00e1s larga en relaci\u00f3n al tama\u00f1o corporal. En conjunto, estos hallazgos ayudan a comprender mejor c\u00f3mo se desarrolla la columna vertebral en los anuros y abren nuevas preguntas sobre su evoluci\u00f3n y su relaci\u00f3n con el movimiento y el uso del ambiente<\/p>\n<figure id=\"attachment_2273\" aria-describedby=\"caption-attachment-2273\" style=\"width: 760px\" class=\"wp-caption aligncenter\"><img loading=\"lazy\" src=\"http:\/\/lillo.org.ar\/uel\/wp-content\/uploads\/figure-14-lau-ponssa-760x368.jpg\" alt=\"\" width=\"760\" height=\"368\" class=\"size-large wp-image-2273\" srcset=\"https:\/\/lillo.org.ar\/uel\/wp-content\/uploads\/figure-14-lau-ponssa-760x368.jpg 760w, https:\/\/lillo.org.ar\/uel\/wp-content\/uploads\/figure-14-lau-ponssa-400x194.jpg 400w, https:\/\/lillo.org.ar\/uel\/wp-content\/uploads\/figure-14-lau-ponssa-768x372.jpg 768w, https:\/\/lillo.org.ar\/uel\/wp-content\/uploads\/figure-14-lau-ponssa-1536x743.jpg 1536w, https:\/\/lillo.org.ar\/uel\/wp-content\/uploads\/figure-14-lau-ponssa.jpg 1800w\" sizes=\"(max-width: 760px) 100vw, 760px\" \/><figcaption id=\"caption-attachment-2273\" class=\"wp-caption-text\">La modularidad vertebral cambia con la ontogenia: en juveniles cada v\u00e9rtebra es un m\u00f3dulo independiente; en adultos se integran V\u2013VI y el complejo sacrourostilar.<\/figcaption><\/figure>\n<p>Autores: Henrique Folly; Jessica Fratani; Virginia Abdala; Mar\u00eda Laura Ponssa<\/p>\n<p><a href=\"https:\/\/academic.oup.com\/biolinnean\/article-abstract\/146\/4\/blaf116\/8380157?redirectedFrom=fulltext\">https:\/\/academic.oup.com\/biolinnean\/article-abstract\/146\/4\/blaf116\/8380157?redirectedFrom=fulltext<\/a><\/p>\n","protected":false},"excerpt":{"rendered":"<p>La columna vertebral es una estructura clave para entender c\u00f3mo se mueven y se adaptan los vertebrados a distintos ambientes. En las ranas y sapos, sin embargo, todav\u00eda se sabe poco sobre c\u00f3mo cambia esta estructura a lo largo del desarrollo. En este estudio analizamos la forma de la columna vertebral despu\u00e9s de la metamorfosis [&hellip;]<\/p>\n","protected":false},"author":66,"featured_media":0,"parent":0,"menu_order":0,"comment_status":"closed","ping_status":"closed","template":"","meta":[],"aioseo_notices":[],"_links":{"self":[{"href":"https:\/\/lillo.org.ar\/uel\/wp-json\/wp\/v2\/pages\/2272"}],"collection":[{"href":"https:\/\/lillo.org.ar\/uel\/wp-json\/wp\/v2\/pages"}],"about":[{"href":"https:\/\/lillo.org.ar\/uel\/wp-json\/wp\/v2\/types\/page"}],"author":[{"embeddable":true,"href":"https:\/\/lillo.org.ar\/uel\/wp-json\/wp\/v2\/users\/66"}],"replies":[{"embeddable":true,"href":"https:\/\/lillo.org.ar\/uel\/wp-json\/wp\/v2\/comments?post=2272"}],"version-history":[{"count":5,"href":"https:\/\/lillo.org.ar\/uel\/wp-json\/wp\/v2\/pages\/2272\/revisions"}],"predecessor-version":[{"id":2278,"href":"https:\/\/lillo.org.ar\/uel\/wp-json\/wp\/v2\/pages\/2272\/revisions\/2278"}],"wp:attachment":[{"href":"https:\/\/lillo.org.ar\/uel\/wp-json\/wp\/v2\/media?parent=2272"}],"curies":[{"name":"wp","href":"https:\/\/api.w.org\/{rel}","templated":true}]}}