{"id":22,"date":"2016-12-17T04:15:55","date_gmt":"2016-12-17T04:15:55","guid":{"rendered":"http:\/\/127.0.0.1:90\/uel\/?page_id=22"},"modified":"2025-12-17T15:34:30","modified_gmt":"2025-12-17T18:34:30","slug":"personal-de-apoyo","status":"publish","type":"page","link":"https:\/\/lillo.org.ar\/uel\/personal-de-apoyo\/","title":{"rendered":"Personal de apoyo"},"content":{"rendered":"\t<div class=\"gridable gridable--row\" >\n\t\t\t<div class=\"gridable--col col-4\" >\n\t\t<p><table class= 'bibliplug-authors'><tr><td><a href='https:\/\/lillo.org.ar\/uel\/author\/rodrigoaraoz83gmail-com\/'><img alt='Rodrigo Araoz' src='http:\/\/lillo.org.ar\/uel\/wp-content\/uploads\/rodrigoaraoz-120x120.jpg' class='avatar avatar-120 photo' height='120' width='120' \/><\/a><\/td><td><strong><a href='https:\/\/lillo.org.ar\/uel\/author\/rodrigoaraoz83gmail-com\/'>Rodrigo Araoz<\/strong><\/a><br\/>CPA Profesional Asistente\r<br\/>Proyectos cient\u00edficos y de divulgaci\u00f3n \r<br\/>Estaci\u00f3n Biol\u00f3gica Batiruana<\/td><tr><\/table><table class= 'bibliplug-authors'><tr><td><a href='https:\/\/lillo.org.ar\/uel\/author\/horacio-bugeau\/'><img alt='Horacio Baltazar Bugeau' src='http:\/\/lillo.org.ar\/uel\/wp-content\/uploads\/baltazar-120x120.jpg' class='avatar avatar-120 photo' height='120' width='120' \/><\/a><\/td><td><strong><a href='https:\/\/lillo.org.ar\/uel\/author\/horacio-bugeau\/'>Horacio Baltazar Bugeau<\/strong><\/a><br\/>CPA T\u00e9cnico Asistente \r<br\/>Trabajos de colecci\u00f3n y manejo de ejemplares<\/td><tr><\/table><\/p>\t<\/div>\n\t<div class=\"gridable--col col-4\" >\n\t\t<p>&nbsp;<\/p>\n<p><table class= 'bibliplug-authors'><tr><td><a href='https:\/\/lillo.org.ar\/uel\/author\/carmenullivarrigmail-com\/'><img alt='' src='https:\/\/secure.gravatar.com\/avatar\/55ed58d895774f344d583b427fc4694a?s=120&#038;d=mm&#038;r=g' srcset='https:\/\/secure.gravatar.com\/avatar\/55ed58d895774f344d583b427fc4694a?s=240&#038;d=mm&#038;r=g 2x' class='avatar avatar-120 photo' height='120' width='120' loading='lazy'\/><\/a><\/td><td><strong><a href='https:\/\/lillo.org.ar\/uel\/author\/carmenullivarrigmail-com\/'>Carmen Fern\u00e1ndez de Ullivarri<\/strong><\/a><br\/>CPA Profesional Asistente\r<br\/>Ilustraci\u00f3n cient\u00edfica<\/td><tr><\/table><\/p>\n<p>&nbsp;<\/p>\n<p><table class= 'bibliplug-authors'><tr><td><a href='https:\/\/lillo.org.ar\/uel\/author\/maria-haad\/'><img alt='Bel\u00e9n Haad' src='http:\/\/lillo.org.ar\/uel\/wp-content\/uploads\/belen-120x120.jpg' class='avatar avatar-120 photo' height='120' width='120' \/><\/a><\/td><td><strong><a href='https:\/\/lillo.org.ar\/uel\/author\/maria-haad\/'>Bel\u00e9n Haad<\/strong><\/a><br\/>CPA Profesional Asistente\r<br\/>\u00c1rea de Herpetolog\u00eda\r<br\/>\r<br\/><\/td><tr><\/table><\/p>\t<\/div>\n\t<div class=\"gridable--col col-4\" >\n\t\t<p><table class= 'bibliplug-authors'><tr><td><a href='https:\/\/lillo.org.ar\/uel\/author\/alejandra-molina\/'><img alt='Mar\u00eda Alejandra Molina' src='http:\/\/lillo.org.ar\/uel\/wp-content\/uploads\/alejandra-molina_avatar_1566576070-120x120.jpg' class='avatar avatar-120 photo' height='120' width='120' \/><\/a><\/td><td><strong><a href='https:\/\/lillo.org.ar\/uel\/author\/alejandra-molina\/'>Mar\u00eda Alejandra Molina<\/strong><\/a><br\/>CPA Profesional Adjunto\r<br\/>\u00c1rea de Ornitolog\u00eda\r<br\/>\r<br\/><\/td><tr><\/table><table class= 'bibliplug-authors'><tr><td><a href='https:\/\/lillo.org.ar\/uel\/author\/martin-morales\/'><img alt='Mart\u00edn Morales' src='http:\/\/lillo.org.ar\/uel\/wp-content\/uploads\/martin-eduardo-morales_avatar_1566570820-120x120.jpg' class='avatar avatar-120 photo' height='120' width='120' \/><\/a><\/td><td><strong><a href='https:\/\/lillo.org.ar\/uel\/author\/martin-morales\/'>Mart\u00edn Eduardo Morales<\/strong><\/a><br\/>CPA Profesional Adjunto\r<br\/>\u00c1rea de Metodolog\u00eda (Bioinform\u00e1tica)\r<br\/>\r<br\/><\/td><tr><\/table><table class= 'bibliplug-authors'><tr><td><a href='https:\/\/lillo.org.ar\/uel\/author\/frugnonegmail-com\/'><img alt='Fabricio Mauro Rugnone' src='http:\/\/lillo.org.ar\/uel\/wp-content\/uploads\/fabricio-mauro-rugnone_avatar_1774884912-120x120.jpeg' class='avatar avatar-120 photo' height='120' width='120' \/><\/a><\/td><td><strong><a href='https:\/\/lillo.org.ar\/uel\/author\/frugnonegmail-com\/'>Fabricio Mauro Rugnone<\/strong><\/a><br\/>CPA Profesional Asistente \r<br\/>Gesti\u00f3n integral de bioterio\r<br\/><\/td><tr><\/table><\/p>\t<\/div>\n\t<\/div>\n\n<p>&nbsp;<\/p>\n<p>&nbsp;<\/p>\n","protected":false},"excerpt":{"rendered":"<p>&nbsp; &nbsp;<\/p>\n","protected":false},"author":1,"featured_media":0,"parent":0,"menu_order":0,"comment_status":"closed","ping_status":"closed","template":"","meta":[],"aioseo_notices":[],"_links":{"self":[{"href":"https:\/\/lillo.org.ar\/uel\/wp-json\/wp\/v2\/pages\/22"}],"collection":[{"href":"https:\/\/lillo.org.ar\/uel\/wp-json\/wp\/v2\/pages"}],"about":[{"href":"https:\/\/lillo.org.ar\/uel\/wp-json\/wp\/v2\/types\/page"}],"author":[{"embeddable":true,"href":"https:\/\/lillo.org.ar\/uel\/wp-json\/wp\/v2\/users\/1"}],"replies":[{"embeddable":true,"href":"https:\/\/lillo.org.ar\/uel\/wp-json\/wp\/v2\/comments?post=22"}],"version-history":[{"count":29,"href":"https:\/\/lillo.org.ar\/uel\/wp-json\/wp\/v2\/pages\/22\/revisions"}],"predecessor-version":[{"id":2188,"href":"https:\/\/lillo.org.ar\/uel\/wp-json\/wp\/v2\/pages\/22\/revisions\/2188"}],"wp:attachment":[{"href":"https:\/\/lillo.org.ar\/uel\/wp-json\/wp\/v2\/media?parent=22"}],"curies":[{"name":"wp","href":"https:\/\/api.w.org\/{rel}","templated":true}]}}