{"id":2029,"date":"2025-09-15T16:54:52","date_gmt":"2025-09-15T19:54:52","guid":{"rendered":"https:\/\/lillo.org.ar\/uel\/?page_id=2029"},"modified":"2025-09-15T17:06:20","modified_gmt":"2025-09-15T20:06:20","slug":"ecomorphology-of-anurans-the-challenge-of-ecological-categories-and-locomotor-modes","status":"publish","type":"page","link":"https:\/\/lillo.org.ar\/uel\/ecomorphology-of-anurans-the-challenge-of-ecological-categories-and-locomotor-modes\/","title":{"rendered":"Ecomorphology of Anurans: The Challenge of Ecological Categories and Locomotor Modes"},"content":{"rendered":"<p><strong>Resumen:<\/strong><br \/>\nEn este trabajo abordamos los retos de sistematizar criterios para la construcci\u00f3n de la matriz ecol\u00f3gica en anuros.<\/p>\n<p><strong>Revista cient\u00edfica:<\/strong><br \/>\nJournal of Experimental Zoology Part B: Molecular and Developmental Evolution<\/p>\n<p><strong>Autores:<\/strong><br \/>\nPonssa ML, Lobo Ter\u00e1n C, Folly H, Fratani J, Abdala V<\/p>\n<p><strong>Palabras clave:<\/strong><br \/>\nlocomocion, anfibios, matriz ecol\u00f3gica, microhabitat, ecomorfologia<\/p>\n<p><strong>Cuerpo:<\/strong><br \/>\nLa ecomorfolog\u00eda busca entender c\u00f3mo la forma de los animales se ajusta a su ambiente, ofreciendo pistas valiosas sobre la biodiversidad y la evoluci\u00f3n. En los anuros, el grupo de ranas y sapos, este enfoque se apoya en tres pilares: la comparaci\u00f3n de sus rasgos corporales, el an\u00e1lisis de su entorno y su historia evolutiva. Pero existe un gran desaf\u00edo: no hay un m\u00e9todo \u00fanico para clasificar el papel ecol\u00f3gico de cada especie.<\/p>\n<p><a href=\"http:\/\/lillo.org.ar\/uel\/wp-content\/uploads\/02c3196d-c738-4bcd-a10d-56e18ced22d8.jpeg\"><img loading=\"lazy\" src=\"http:\/\/lillo.org.ar\/uel\/wp-content\/uploads\/02c3196d-c738-4bcd-a10d-56e18ced22d8-400x248.jpeg\" alt=\"\" width=\"400\" height=\"248\" class=\"size-medium wp-image-2030 aligncenter\" srcset=\"https:\/\/lillo.org.ar\/uel\/wp-content\/uploads\/02c3196d-c738-4bcd-a10d-56e18ced22d8-400x248.jpeg 400w, https:\/\/lillo.org.ar\/uel\/wp-content\/uploads\/02c3196d-c738-4bcd-a10d-56e18ced22d8-760x471.jpeg 760w, https:\/\/lillo.org.ar\/uel\/wp-content\/uploads\/02c3196d-c738-4bcd-a10d-56e18ced22d8-768x476.jpeg 768w, https:\/\/lillo.org.ar\/uel\/wp-content\/uploads\/02c3196d-c738-4bcd-a10d-56e18ced22d8.jpeg 1181w\" sizes=\"(max-width: 400px) 100vw, 400px\" \/><\/a><\/p>\n<p>Para explorar este problema, revisamos 31 estudios publicados en los \u00faltimos 46 a\u00f1os que describen el uso de microh\u00e1bitats y las distintas formas de desplazamiento. Encontramos que, mientras la clasificaci\u00f3n de los microh\u00e1bitats es bastante coherente entre trabajos, la de los modos de locomoci\u00f3n var\u00eda mucho. Las mayores diferencias aparecen en las categor\u00edas de excavadores y trepadores, que a menudo se definen de manera ambigua y se usan tanto para describir microh\u00e1bitats como para hablar de modos de movimiento.<\/p>\n<p>Estas inconsistencias muestran la necesidad de acordar criterios claros y estandarizados para describir c\u00f3mo viven y se mueven estos animales. Contar con protocolos comunes permitir\u00e1 comparar estudios de forma m\u00e1s confiable y avanzar en la comprensi\u00f3n de c\u00f3mo la forma y la funci\u00f3n se relacionan con la ecolog\u00eda de ranas y sapos.<\/p>\n<p><strong>DOI: <\/strong>https:\/\/doi.org\/10.1002\/jez.b.23330<\/p>\n<table class= 'bibliplug-authors'><tr><td><a href='https:\/\/lillo.org.ar\/uel\/author\/laura-ponssa\/'><img alt='Mar\u00eda Laura Ponssa' src='http:\/\/lillo.org.ar\/uel\/wp-content\/uploads\/maria-laura-ponssa_avatar_1502906189-120x120.jpg' class='avatar avatar-120 photo' height='120' width='120' \/><\/a><\/td><td><strong><a href='https:\/\/lillo.org.ar\/uel\/author\/laura-ponssa\/'>Mar\u00eda Laura Ponssa<\/strong><\/a><br\/>Investigadora Independiente\r<br\/>CONICET\r<br\/>Herpetolog\u00eda<\/td><tr><\/table>\n<table class= 'bibliplug-authors'><tr><td><a href='https:\/\/lillo.org.ar\/uel\/author\/carito-lobo95gmail-com\/'><img alt='Carolina Mar\u00eda Lobo Ter\u00e1n' src='http:\/\/lillo.org.ar\/uel\/wp-content\/uploads\/carolina-120x120.jpg' class='avatar avatar-120 photo' height='120' width='120' \/><\/a><\/td><td><strong><a href='https:\/\/lillo.org.ar\/uel\/author\/carito-lobo95gmail-com\/'>Carolina Mar\u00eda Lobo Ter\u00e1n<\/strong><\/a><br\/>Becaria doctoral \r<br\/>CONICET\r<br\/><\/td><tr><\/table>\n<table class= 'bibliplug-authors'><tr><td><a href='https:\/\/lillo.org.ar\/uel\/author\/folly-henriquegmail-com\/'><img alt='Henrique Silva Guedes Folly' src='http:\/\/lillo.org.ar\/uel\/wp-content\/uploads\/hfolly-120x120.jpg' class='avatar avatar-120 photo' height='120' width='120' \/><\/a><\/td><td><strong><a href='https:\/\/lillo.org.ar\/uel\/author\/folly-henriquegmail-com\/'>Henrique Silva Guedes Folly<\/strong><\/a><br\/>Becario doctoral \r<br\/>CONICET<\/td><tr><\/table>\n<table class= 'bibliplug-authors'><tr><td><a href='https:\/\/lillo.org.ar\/uel\/author\/jessica-fratani\/'><img alt='Jessica Fratani' src='http:\/\/lillo.org.ar\/uel\/wp-content\/uploads\/jessica-fratani_avatar_1504642954-120x120.png' class='avatar avatar-120 photo' height='120' width='120' \/><\/a><\/td><td><strong><a href='https:\/\/lillo.org.ar\/uel\/author\/jessica-fratani\/'>Jessica Fratani<\/strong><\/a><br\/>Investigadora Asistente\r<br\/>Herpetolog\u00eda<\/td><tr><\/table>\n<p>&nbsp;<\/p>\n","protected":false},"excerpt":{"rendered":"<p>Resumen: En este trabajo abordamos los retos de sistematizar criterios para la construcci\u00f3n de la matriz ecol\u00f3gica en anuros. Revista cient\u00edfica: Journal of Experimental Zoology Part B: Molecular and Developmental Evolution Autores: Ponssa ML, Lobo Ter\u00e1n C, Folly H, Fratani J, Abdala V Palabras clave: locomocion, anfibios, matriz ecol\u00f3gica, microhabitat, ecomorfologia Cuerpo: La ecomorfolog\u00eda busca [&hellip;]<\/p>\n","protected":false},"author":57,"featured_media":0,"parent":0,"menu_order":0,"comment_status":"closed","ping_status":"closed","template":"","meta":[],"aioseo_notices":[],"_links":{"self":[{"href":"https:\/\/lillo.org.ar\/uel\/wp-json\/wp\/v2\/pages\/2029"}],"collection":[{"href":"https:\/\/lillo.org.ar\/uel\/wp-json\/wp\/v2\/pages"}],"about":[{"href":"https:\/\/lillo.org.ar\/uel\/wp-json\/wp\/v2\/types\/page"}],"author":[{"embeddable":true,"href":"https:\/\/lillo.org.ar\/uel\/wp-json\/wp\/v2\/users\/57"}],"replies":[{"embeddable":true,"href":"https:\/\/lillo.org.ar\/uel\/wp-json\/wp\/v2\/comments?post=2029"}],"version-history":[{"count":5,"href":"https:\/\/lillo.org.ar\/uel\/wp-json\/wp\/v2\/pages\/2029\/revisions"}],"predecessor-version":[{"id":2035,"href":"https:\/\/lillo.org.ar\/uel\/wp-json\/wp\/v2\/pages\/2029\/revisions\/2035"}],"wp:attachment":[{"href":"https:\/\/lillo.org.ar\/uel\/wp-json\/wp\/v2\/media?parent=2029"}],"curies":[{"name":"wp","href":"https:\/\/api.w.org\/{rel}","templated":true}]}}