{"id":2007,"date":"2025-08-27T17:42:37","date_gmt":"2025-08-27T20:42:37","guid":{"rendered":"https:\/\/lillo.org.ar\/uel\/?page_id=2007"},"modified":"2025-08-27T18:23:35","modified_gmt":"2025-08-27T21:23:35","slug":"epidermal-scale-growth-allometry-and-function-in-non-avian-dinosaurs-and-extant-reptiles","status":"publish","type":"page","link":"https:\/\/lillo.org.ar\/uel\/epidermal-scale-growth-allometry-and-function-in-non-avian-dinosaurs-and-extant-reptiles\/","title":{"rendered":"Epidermal scale growth, allometry and function in non-avian dinosaurs and extant reptiles"},"content":{"rendered":"<p>Las escamas epid\u00e9rmicas de los saur\u00f3pidos desempe\u00f1an una amplia gama de funciones biol\u00f3gicas, que pueden estar relacionadas con su forma y tama\u00f1o. Por consiguiente, los cambios en la morfolog\u00eda de las escamas relacionados con el crecimiento pueden reflejar funciones distintas entre individuos j\u00f3venes y adultos, como su uso en las interacciones de apareamiento. Estos patrones est\u00e1n poco estudiados tanto en reptiles actuales como en dinosaurios no avianos, lo que limita las interpretaciones funcionales. En este trabajo investigamos el crecimiento de las escamas en el cerat\u00f3psido ornitisquio <em>Chasmosaurus belli<\/em> y el hadros\u00e1urido <em>Prosaurolophus maximus<\/em>, comparando la morfolog\u00eda de las escamas entre juveniles y adultos de cada tax\u00f3n. La forma de las escamas es generalmente consistente a lo largo de las etapas de crecimiento en ambos taxones, y los cambios en la longitud de las escamas caracter\u00edsticas de <em>C. belli<\/em> no pueden rechazar la isometr\u00eda. Sin embargo, hay un mayor aumento en la anchura de la escala caracter\u00edstica de <em>C. belli<\/em>. En t\u00e9rminos pr\u00e1cticos, la magnitud de estas diferencias de tama\u00f1o rechaza la hip\u00f3tesis de que la morfolog\u00eda de las escamas caracter\u00edsticas desempe\u00f1e un papel en las interacciones de apareamiento, sugiriendo en su lugar que su tama\u00f1o es en gran medida no adaptativo. Para contextualizar los patrones en los dinosaurios de la muestra, evaluamos el crecimiento de las escamas y la alometr\u00eda utilizando una muestra ecol\u00f3gicamente diversa de ocho especies de reptiles existentes pertenecientes a Crocodylidae, Scincidae, Elapidae y Pythonidae. Aunque la isometr\u00eda es el patr\u00f3n m\u00e1s frecuente de crecimiento de las escamas en nuestra muestra de reptiles actuales, la mayor\u00eda de las especies muestran una alometr\u00eda positiva en al menos una zona de su cuerpo, lo que probablemente sea una respuesta al cambio de las proporciones corporales. Las formas de las escamas en las especies existentes estudiadas, al igual que en ambos dinosaurios, se mantienen en gran medida a lo largo del crecimiento. Este estudio proporciona la primera evaluaci\u00f3n detallada del crecimiento de la piel en los dinosaurios no avianos, apoyando la estasis morfol\u00f3gica en el crecimiento de la mayor\u00eda de sus escamas.<\/p>\n<p><a href=\"http:\/\/lillo.org.ar\/uel\/wp-content\/uploads\/joa14247-toc-0001-m.jpg\"><img loading=\"lazy\" src=\"http:\/\/lillo.org.ar\/uel\/wp-content\/uploads\/joa14247-toc-0001-m-347x400.jpg\" alt=\"\" width=\"347\" height=\"400\" class=\"size-medium wp-image-2008 aligncenter\" srcset=\"https:\/\/lillo.org.ar\/uel\/wp-content\/uploads\/joa14247-toc-0001-m-347x400.jpg 347w, https:\/\/lillo.org.ar\/uel\/wp-content\/uploads\/joa14247-toc-0001-m.jpg 434w\" sizes=\"(max-width: 347px) 100vw, 347px\" \/><\/a><\/p>\n<p>Epidermal scales in sauropsids perform a wide array of biological functions, which can relate to their shape and size. Accordingly, growth-related changes in scale morphology may reflect distinct functions between juvenile and adult individuals, such as use in mating interactions. Such patterns are poorly explored in both extant reptiles and non-avian dinosaurs, limiting functional interpretations. Here, we investigate scale growth in the ornithischian ceratopsid\u00a0<em>Chasmosaurus belli<\/em>\u00a0and hadrosaurid\u00a0<em>Prosaurolophus maximus<\/em>\u00a0by comparing scale morphologies between juveniles and adults of each taxon. Scale shape is generally consistent across growth stages in both taxa, and changes in\u00a0<em>C. belli<\/em>\u00a0feature scale length cannot reject isometry. However, there is a greater increase in\u00a0<em>C. belli<\/em>\u00a0feature scale width. In practical terms, the magnitude of these size differences rejects the hypothesis that feature scale morphology played a role in mating interactions, suggesting instead that their size was largely non-adaptive. To contextualise the patterns in the sampled dinosaurs, we assessed scale growth and allometry using an ecologically diverse sample of eight extant reptile species belonging to Crocodylidae, Scincidae, Elapidae and Pythonidae. While isometry is the overall most frequent pattern of scale growth in our sample of extant reptiles, most species demonstrate positive scale allometry in at least one area of their bodies, which is likely a response to changing body proportions. Scale shapes in the studied extant species, as in both dinosaurs, are largely retained through growth. This study provides the first detailed assessment of skin growth in non-avian dinosaurs, supporting morphological stasis in the growth of most of their scales.<\/p>\n<table class= 'bibliplug-authors'><tr><td><a href='https:\/\/lillo.org.ar\/uel\/author\/christophe-hendrickx\/'><img alt='Christophe Hendrickx' src='http:\/\/lillo.org.ar\/uel\/wp-content\/uploads\/me_lillo_small-120x120.jpg' class='avatar avatar-120 photo' height='120' width='120' \/><\/a><\/td><td><strong><a href='https:\/\/lillo.org.ar\/uel\/author\/christophe-hendrickx\/'>Christophe Hendrickx<\/strong><\/a><br\/>Becario postdoctoral\r<br\/>CONICET\r<br\/>Paleontolog\u00eda<\/td><tr><\/table>\n","protected":false},"excerpt":{"rendered":"<p>Las escamas epid\u00e9rmicas de los saur\u00f3pidos desempe\u00f1an una amplia gama de funciones biol\u00f3gicas, que pueden estar relacionadas con su forma y tama\u00f1o. Por consiguiente, los cambios en la morfolog\u00eda de las escamas relacionados con el crecimiento pueden reflejar funciones distintas entre individuos j\u00f3venes y adultos, como su uso en las interacciones de apareamiento. Estos patrones [&hellip;]<\/p>\n","protected":false},"author":57,"featured_media":0,"parent":0,"menu_order":0,"comment_status":"closed","ping_status":"closed","template":"","meta":[],"aioseo_notices":[],"_links":{"self":[{"href":"https:\/\/lillo.org.ar\/uel\/wp-json\/wp\/v2\/pages\/2007"}],"collection":[{"href":"https:\/\/lillo.org.ar\/uel\/wp-json\/wp\/v2\/pages"}],"about":[{"href":"https:\/\/lillo.org.ar\/uel\/wp-json\/wp\/v2\/types\/page"}],"author":[{"embeddable":true,"href":"https:\/\/lillo.org.ar\/uel\/wp-json\/wp\/v2\/users\/57"}],"replies":[{"embeddable":true,"href":"https:\/\/lillo.org.ar\/uel\/wp-json\/wp\/v2\/comments?post=2007"}],"version-history":[{"count":2,"href":"https:\/\/lillo.org.ar\/uel\/wp-json\/wp\/v2\/pages\/2007\/revisions"}],"predecessor-version":[{"id":2022,"href":"https:\/\/lillo.org.ar\/uel\/wp-json\/wp\/v2\/pages\/2007\/revisions\/2022"}],"wp:attachment":[{"href":"https:\/\/lillo.org.ar\/uel\/wp-json\/wp\/v2\/media?parent=2007"}],"curies":[{"name":"wp","href":"https:\/\/api.w.org\/{rel}","templated":true}]}}