{"id":20,"date":"2016-12-17T04:15:21","date_gmt":"2016-12-17T04:15:21","guid":{"rendered":"http:\/\/127.0.0.1:90\/uel\/?page_id=20"},"modified":"2025-12-17T13:22:48","modified_gmt":"2025-12-17T16:22:48","slug":"doctorandos","status":"publish","type":"page","link":"https:\/\/lillo.org.ar\/uel\/doctorandos\/","title":{"rendered":"Doctorandos"},"content":{"rendered":"\t<div class=\"gridable gridable--row\" >\n\t\t\t<div class=\"gridable--col col-4\" >\n\t\t<p><table class= 'bibliplug-authors'><tr><td><a href='https:\/\/lillo.org.ar\/uel\/author\/denise-alvarez15hotmail-com\/'><img alt='Denise Jacqueline Alvarez' src='http:\/\/lillo.org.ar\/uel\/wp-content\/uploads\/denise-120x120.jpg' class='avatar avatar-120 photo' height='120' width='120' \/><\/a><\/td><td><strong><a href='https:\/\/lillo.org.ar\/uel\/author\/denise-alvarez15hotmail-com\/'>Denise Jacqueline Alvarez<\/strong><\/a><br\/>Becaria doctoral\r<br\/>CONICET<\/td><tr><\/table><table class= 'bibliplug-authors'><tr><td><a href='https:\/\/lillo.org.ar\/uel\/author\/gonzagbravogmail-com\/'><img alt='Gonzalo Bravo' src='http:\/\/lillo.org.ar\/uel\/wp-content\/uploads\/foto-gonza-bravo-120x120.jpg' class='avatar avatar-120 photo' height='120' width='120' \/><\/a><\/td><td><strong><a href='https:\/\/lillo.org.ar\/uel\/author\/gonzagbravogmail-com\/'>Gonzalo Bravo<\/strong><\/a><br\/>Becario Doctoral\r<br\/>CONICET\r<br\/>Paleontolog\u00eda<\/td><tr><\/table><table class= 'bibliplug-authors'><tr><td><a href='https:\/\/lillo.org.ar\/uel\/author\/macortes-hernandez95gmail-com\/'><img alt='Miguel Cort\u00e9s Hern\u00e1ndez' src='http:\/\/lillo.org.ar\/uel\/wp-content\/uploads\/cortes-120x120.jpg' class='avatar avatar-120 photo' height='120' width='120' \/><\/a><\/td><td><strong><a href='https:\/\/lillo.org.ar\/uel\/author\/macortes-hernandez95gmail-com\/'>Miguel \u00c1ngel Cort\u00e9s Hern\u00e1ndez<\/strong><\/a><br\/>Becario doctoral\r<br\/>AGENCIA<\/td><tr><\/table><table class= 'bibliplug-authors'><tr><td><a href='https:\/\/lillo.org.ar\/uel\/author\/gabydanlo1991gmail-com\/'><img alt='Ana Dantur' src='http:\/\/lillo.org.ar\/uel\/wp-content\/uploads\/gabriela-120x120.jpeg' class='avatar avatar-120 photo' height='120' width='120' \/><\/a><\/td><td><strong><a href='https:\/\/lillo.org.ar\/uel\/author\/gabydanlo1991gmail-com\/'>Ana Gabriela Dantur<\/strong><\/a><br\/>Becaria doctoral\r<br\/>CONICET<\/td><tr><\/table><table class= 'bibliplug-authors'><tr><td><a href='https:\/\/lillo.org.ar\/uel\/author\/polduquebiologogmail-com\/'><img alt='Paul Leonardo Duque Padilla' src='http:\/\/lillo.org.ar\/uel\/wp-content\/uploads\/paul-120x120.jpg' class='avatar avatar-120 photo' height='120' width='120' \/><\/a><\/td><td><strong><a href='https:\/\/lillo.org.ar\/uel\/author\/polduquebiologogmail-com\/'>Paul Leonardo Duque Padilla<\/strong><\/a><br\/>Becario doctoral\r<br\/>CONICET<\/td><tr><\/table><\/p>\t<\/div>\n\t<div class=\"gridable--col col-4\" >\n\t\t<p><table class= 'bibliplug-authors'><tr><td><a href='https:\/\/lillo.org.ar\/uel\/author\/gaitansantos-carlosprofesor-usac-edu-gt\/'><img alt='Carlos A. Gait\u00e1n' src='http:\/\/lillo.org.ar\/uel\/wp-content\/uploads\/carlosgaitan-120x120.jpg' class='avatar avatar-120 photo' height='120' width='120' \/><\/a><\/td><td><strong><a href='https:\/\/lillo.org.ar\/uel\/author\/gaitansantos-carlosprofesor-usac-edu-gt\/'>Carlos A. Gait\u00e1n<\/strong><\/a><br\/>Becario doctoral\r<br\/>CONICET<\/td><tr><\/table><table class= 'bibliplug-authors'><tr><td><a href='https:\/\/lillo.org.ar\/uel\/author\/napgo93gmail-com\/'><img alt='Natalia Gonz\u00e1lez Pi\u00f1eres' src='http:\/\/lillo.org.ar\/uel\/wp-content\/uploads\/ngonzalezp-120x120.jpg' class='avatar avatar-120 photo' height='120' width='120' \/><\/a><\/td><td><strong><a href='https:\/\/lillo.org.ar\/uel\/author\/napgo93gmail-com\/'>Natalia Gonz\u00e1lez Pi\u00f1eres<\/strong><\/a><br\/>Becaria doctoral\r<br\/>CONICET<\/td><tr><\/table><table class= 'bibliplug-authors'><tr><td><a href='https:\/\/lillo.org.ar\/uel\/author\/carito-lobo95gmail-com\/'><img alt='Carolina Mar\u00eda Lobo Ter\u00e1n' src='http:\/\/lillo.org.ar\/uel\/wp-content\/uploads\/carolina-120x120.jpg' class='avatar avatar-120 photo' height='120' width='120' \/><\/a><\/td><td><strong><a href='https:\/\/lillo.org.ar\/uel\/author\/carito-lobo95gmail-com\/'>Carolina Mar\u00eda Lobo Ter\u00e1n<\/strong><\/a><br\/>Becaria doctoral \r<br\/>CONICET\r<br\/><\/td><tr><\/table><table class= 'bibliplug-authors'><tr><td><a href='https:\/\/lillo.org.ar\/uel\/author\/ml-alejandro-amlgmail-com\/'><img alt='Alejandro M\u00e9ndez L\u00f3pez' src='http:\/\/lillo.org.ar\/uel\/wp-content\/uploads\/aml_camilo_diaz_ph-e1691508019190-120x120.jpg' class='avatar avatar-120 photo' height='120' width='120' \/><\/a><\/td><td><strong><a href='https:\/\/lillo.org.ar\/uel\/author\/ml-alejandro-amlgmail-com\/'>Alejandro M\u00e9ndez L\u00f3pez<\/strong><\/a><br\/>Becario doctoral\r<br\/>CONICET<\/td><tr><\/table><\/p>\t<\/div>\n\t<div class=\"gridable--col col-4\" >\n\t\t<p><table class= 'bibliplug-authors'><tr><td><a href='https:\/\/lillo.org.ar\/uel\/author\/ezequielmettolagmail-com\/'><img alt='' src='https:\/\/secure.gravatar.com\/avatar\/a6a04d6cb3565236b7a868639489ce62?s=120&#038;d=mm&#038;r=g' srcset='https:\/\/secure.gravatar.com\/avatar\/a6a04d6cb3565236b7a868639489ce62?s=240&#038;d=mm&#038;r=g 2x' class='avatar avatar-120 photo' height='120' width='120' loading='lazy'\/><\/a><\/td><td><strong><a href='https:\/\/lillo.org.ar\/uel\/author\/ezequielmettolagmail-com\/'>V\u00edctor Ezequiel Mettola<\/strong><\/a><br\/>Becario Doctoral\r<br\/>CONICET\r<br\/>Ictiolog\u00eda<\/td><tr><\/table><table class= 'bibliplug-authors'><tr><td><a href='https:\/\/lillo.org.ar\/uel\/author\/mochosaade33gmail-com\/'><img alt='Luis Saade' src='http:\/\/lillo.org.ar\/uel\/wp-content\/uploads\/luissaade-e1765988119259-120x120.jpeg' class='avatar avatar-120 photo' height='120' width='120' \/><\/a><\/td><td><strong><a href='https:\/\/lillo.org.ar\/uel\/author\/mochosaade33gmail-com\/'>Luis Saade<\/strong><\/a><br\/>Becario Doctoral\r<br\/>CONICET\r<br\/>Paleontolog\u00eda\r<br\/><\/td><tr><\/table><table class= 'bibliplug-authors'><tr><td><a href='https:\/\/lillo.org.ar\/uel\/author\/omar-saguir\/'><img alt='Omar Saguir' src='http:\/\/lillo.org.ar\/uel\/wp-content\/uploads\/saguir.jpg' class='avatar avatar-120 photo' height='120' width='120' \/><\/a><\/td><td><strong><a href='https:\/\/lillo.org.ar\/uel\/author\/omar-saguir\/'>Omar Saguir<\/strong><\/a><br\/><\/td><tr><\/table><table class= 'bibliplug-authors'><tr><td><a href='https:\/\/lillo.org.ar\/uel\/author\/folly-henriquegmail-com\/'><img alt='Henrique Silva Guedes Folly' src='http:\/\/lillo.org.ar\/uel\/wp-content\/uploads\/hfolly-120x120.jpg' class='avatar avatar-120 photo' height='120' width='120' \/><\/a><\/td><td><strong><a href='https:\/\/lillo.org.ar\/uel\/author\/folly-henriquegmail-com\/'>Henrique Silva Guedes Folly<\/strong><\/a><br\/>Becario doctoral \r<br\/>CONICET<\/td><tr><\/table><\/p>\t<\/div>\n\t<\/div>\n\n","protected":false},"excerpt":{"rendered":"","protected":false},"author":1,"featured_media":0,"parent":0,"menu_order":0,"comment_status":"closed","ping_status":"closed","template":"","meta":[],"aioseo_notices":[],"_links":{"self":[{"href":"https:\/\/lillo.org.ar\/uel\/wp-json\/wp\/v2\/pages\/20"}],"collection":[{"href":"https:\/\/lillo.org.ar\/uel\/wp-json\/wp\/v2\/pages"}],"about":[{"href":"https:\/\/lillo.org.ar\/uel\/wp-json\/wp\/v2\/types\/page"}],"author":[{"embeddable":true,"href":"https:\/\/lillo.org.ar\/uel\/wp-json\/wp\/v2\/users\/1"}],"replies":[{"embeddable":true,"href":"https:\/\/lillo.org.ar\/uel\/wp-json\/wp\/v2\/comments?post=20"}],"version-history":[{"count":69,"href":"https:\/\/lillo.org.ar\/uel\/wp-json\/wp\/v2\/pages\/20\/revisions"}],"predecessor-version":[{"id":2179,"href":"https:\/\/lillo.org.ar\/uel\/wp-json\/wp\/v2\/pages\/20\/revisions\/2179"}],"wp:attachment":[{"href":"https:\/\/lillo.org.ar\/uel\/wp-json\/wp\/v2\/media?parent=20"}],"curies":[{"name":"wp","href":"https:\/\/api.w.org\/{rel}","templated":true}]}}