{"id":1955,"date":"2025-08-13T14:58:44","date_gmt":"2025-08-13T17:58:44","guid":{"rendered":"https:\/\/lillo.org.ar\/uel\/?page_id=1955"},"modified":"2025-08-13T15:18:08","modified_gmt":"2025-08-13T18:18:08","slug":"a-new-type-of-sacroiliac-articulation-in-anura-unveiling-the-anatomical-diversity-in-scinaxini-hylidae-hylinae","status":"publish","type":"page","link":"https:\/\/lillo.org.ar\/uel\/a-new-type-of-sacroiliac-articulation-in-anura-unveiling-the-anatomical-diversity-in-scinaxini-hylidae-hylinae\/","title":{"rendered":"A new type of sacroiliac articulation in Anura: Unveiling the anatomical diversity in Scinaxini (Hylidae: Hylinae)"},"content":{"rendered":"<p>En el mundo de las ranas, la articulaci\u00f3n que une el sacro con el ilion es clave para moverse: les permite excavar, nadar, saltar e incluso caminar, gracias a que posibilita que la pelvis gire y se deslice. Entre las ranas arbor\u00edcolas de Am\u00e9rica del Sur, la tribu Scinaxini agrupa a 134 especies repartidas en tres g\u00e9neros: Julianus, Ololygon y Scinax.<\/p>\n<p>Dentro de este grupo, el esqueleto de la articulaci\u00f3n sacroil\u00edaca ya ha sido bastante estudiado. Las especies del g\u00e9nero Julianus llaman la atenci\u00f3n por presentar detalles \u00fanicos en sus huesos: por ejemplo, Julianus camposseabrai tiene un peque\u00f1o hueso sesamoideo alargado hacia el centro, tres veces m\u00e1s largo que ancho, acompa\u00f1ado de una diap\u00f3fisis sacral muy corta. Esta combinaci\u00f3n no se ha visto en ninguna otra rana.<\/p>\n<p>Pero hab\u00eda un gran vac\u00edo: casi no sab\u00edamos nada sobre los m\u00fasculos que acompa\u00f1an esta articulaci\u00f3n en el grupo. Para llenar ese hueco, investigamos en detalle la musculatura de nueve especies de Scinaxini, incluyendo J. camposseabrai y J. pinimus, y revisamos tambi\u00e9n su estructura \u00f3sea.<\/p>\n<p>Descubrimos que, aunque el punto de inicio y de inserci\u00f3n de los m\u00fasculos es bastante similar en todas las especies, existen diferencias en la orientaci\u00f3n de algunos, como el m. coccygeosacralis, y en la separaci\u00f3n de las fibras del m. iliolumbaris. En particular, las especies de Julianus muestran una configuraci\u00f3n osteomuscular \u00fanica, y J. camposseabrai se destaca por tener una estructura que, hasta ahora, no se hab\u00eda registrado en ninguna otra rana.<\/p>\n<p>Autores:<\/p>\n<p>Mariana Vaini; Katyuscia Araujo-Vieira; Juli\u00e1n Faivovich; C\u00e9lio Fernando Baptista Haddad; <a href=\"https:\/\/lillo.org.ar\/uel\/author\/laura-ponssa\/\">Mar\u00eda Laura Ponssa<\/a><\/p>\n<p>DOI: 10.1111\/joa.70028<\/p>\n<figure id=\"attachment_1956\" aria-describedby=\"caption-attachment-1956\" style=\"width: 632px\" class=\"wp-caption aligncenter\"><img loading=\"lazy\" src=\"http:\/\/lillo.org.ar\/uel\/wp-content\/uploads\/fig2_musclesdiversity-lau-ponssa-632x760.jpg\" alt=\"\" width=\"632\" height=\"760\" class=\"size-large wp-image-1956\" srcset=\"https:\/\/lillo.org.ar\/uel\/wp-content\/uploads\/fig2_musclesdiversity-lau-ponssa-632x760.jpg 632w, https:\/\/lillo.org.ar\/uel\/wp-content\/uploads\/fig2_musclesdiversity-lau-ponssa-332x400.jpg 332w, https:\/\/lillo.org.ar\/uel\/wp-content\/uploads\/fig2_musclesdiversity-lau-ponssa.jpg 748w\" sizes=\"(max-width: 632px) 100vw, 632px\" \/><figcaption id=\"caption-attachment-1956\" class=\"wp-caption-text\">Dorsal view of the musculature of the sacroiliac articulation. The illustrations (below) depict the musculature (above) of (a) Julianus camposseabrai, (b) Julianus pinimus, (c) Ololygon perpusilla, (d) Scinax alter, and (e) Xenohyla truncata. To the upright, an individual of J. camposseabrai showing the section in (a\u2013e). Asterisks (*) indicate the m. iliacus externus, which is not represented in the illustrations. M. longissimus dorsi (LD), m. coccygeosacralis (CS), m. coccygeoiliacus (CI), medial slip of the m. iliolumbaris (mIL), lateral slip of the m.<br \/>iliolumbaris (lIL). Sesamoids (blue), urostyle (red), sacral diapophysis (red), and ilium (red). Scale bars: 2\u2009mm<\/figcaption><\/figure>\n","protected":false},"excerpt":{"rendered":"<p>En el mundo de las ranas, la articulaci\u00f3n que une el sacro con el ilion es clave para moverse: les permite excavar, nadar, saltar e incluso caminar, gracias a que posibilita que la pelvis gire y se deslice. Entre las ranas arbor\u00edcolas de Am\u00e9rica del Sur, la tribu Scinaxini agrupa a 134 especies repartidas en [&hellip;]<\/p>\n","protected":false},"author":66,"featured_media":0,"parent":0,"menu_order":0,"comment_status":"closed","ping_status":"closed","template":"","meta":[],"aioseo_notices":[],"_links":{"self":[{"href":"https:\/\/lillo.org.ar\/uel\/wp-json\/wp\/v2\/pages\/1955"}],"collection":[{"href":"https:\/\/lillo.org.ar\/uel\/wp-json\/wp\/v2\/pages"}],"about":[{"href":"https:\/\/lillo.org.ar\/uel\/wp-json\/wp\/v2\/types\/page"}],"author":[{"embeddable":true,"href":"https:\/\/lillo.org.ar\/uel\/wp-json\/wp\/v2\/users\/66"}],"replies":[{"embeddable":true,"href":"https:\/\/lillo.org.ar\/uel\/wp-json\/wp\/v2\/comments?post=1955"}],"version-history":[{"count":8,"href":"https:\/\/lillo.org.ar\/uel\/wp-json\/wp\/v2\/pages\/1955\/revisions"}],"predecessor-version":[{"id":1992,"href":"https:\/\/lillo.org.ar\/uel\/wp-json\/wp\/v2\/pages\/1955\/revisions\/1992"}],"wp:attachment":[{"href":"https:\/\/lillo.org.ar\/uel\/wp-json\/wp\/v2\/media?parent=1955"}],"curies":[{"name":"wp","href":"https:\/\/api.w.org\/{rel}","templated":true}]}}