{"id":1950,"date":"2025-08-11T12:51:11","date_gmt":"2025-08-11T15:51:11","guid":{"rendered":"https:\/\/lillo.org.ar\/uel\/?page_id=1950"},"modified":"2025-08-11T13:02:40","modified_gmt":"2025-08-11T16:02:40","slug":"diversidad-y-desarrollo-de-la-formula-labial-en-renacuajos","status":"publish","type":"page","link":"https:\/\/lillo.org.ar\/uel\/diversidad-y-desarrollo-de-la-formula-labial-en-renacuajos\/","title":{"rendered":"Diversidad y desarrollo de la f\u00f3rmula labial en renacuajos"},"content":{"rendered":"<p>Los dientes labiales queratinizados del aparato bucal son una novedad evolutiva de los renacuajos de anuros. Algunos estudios comparativos investigan su diversidad de forma, arreglo y aspectos funcionales, pero hasta el momento no existe una s\u00edntesis de su distribuci\u00f3n taxon\u00f3mica y relaci\u00f3n con patrones ontogen\u00e9ticos a nivel global. En este trabajo revisamos las variaciones en n\u00famero de hileras de dientes labiales en renacuajos en un contexto filogen\u00e9tico y discutimos patrones de desarrollo posiblemente involucrados en la disparidad interespec\u00edfica. La f\u00f3rmula labial 2\/3, es decir una configuraci\u00f3n con 2 hileras labiales superiores y 3 inferiores, ocurre en casi la mitad de los renacuajos de vida libre, principalmente concentrado en el clado Notogaeanura; en Indianura 3 hileras son frecuentes en el labio inferior pero usualmente en combinaci\u00f3n con n\u00fameros mayores en el superior. Mientras que la homolog\u00eda entre hileras individuales en la f\u00f3rmula 2\/3 y menores parece ser inequ\u00edvoca, la diversidad de patrones de adici\u00f3n de hileras en el labio superior e inferior de renacuajos de diferentes linajes amerita la discusi\u00f3n sobre la nomenclatura tradicional de f\u00f3rmulas labiales y la confecci\u00f3n de sistemas de codificaci\u00f3n refinados para an\u00e1lisis filogen\u00e9ticos futuros.<\/p>\n<p>&nbsp;<\/p>\n<div id='gallery-1' class='gallery galleryid-1950 gallery-columns-3 gallery-size-thumbnail'><figure class='gallery-item'>\n\t\t\t<div class='gallery-icon landscape'>\n\t\t\t\t<a href='https:\/\/lillo.org.ar\/uel\/diversidad-y-desarrollo-de-la-formula-labial-en-renacuajos\/image-description\/'><img width=\"150\" height=\"150\" src=\"https:\/\/lillo.org.ar\/uel\/wp-content\/uploads\/vc-et-al-florencia-vera-candioti_reduced-150x150.jpg\" class=\"attachment-thumbnail size-thumbnail\" alt=\"\" loading=\"lazy\" \/><\/a>\n\t\t\t<\/div><\/figure>\n\t\t<\/div>\n\n<p>&nbsp;<\/p>\n<p>Autora:<\/p>\n<table class= 'bibliplug-authors'><tr><td><a href='https:\/\/lillo.org.ar\/uel\/author\/florencia-candioti\/'><img alt='Florencia Vera Candioti' src='http:\/\/lillo.org.ar\/uel\/wp-content\/uploads\/win_20241018_09_28_43_pro-120x120.jpg' class='avatar avatar-120 photo' height='120' width='120' \/><\/a><\/td><td><strong><a href='https:\/\/lillo.org.ar\/uel\/author\/florencia-candioti\/'>Florencia Vera Candioti<\/strong><\/a><br\/>Investigadora Independiente\r<br\/>CONICET\r<br\/>Herpetolog\u00eda<\/td><tr><\/table>\n<p>&nbsp;<\/p>\n","protected":false},"excerpt":{"rendered":"<p>Los dientes labiales queratinizados del aparato bucal son una novedad evolutiva de los renacuajos de anuros. Algunos estudios comparativos investigan su diversidad de forma, arreglo y aspectos funcionales, pero hasta el momento no existe una s\u00edntesis de su distribuci\u00f3n taxon\u00f3mica y relaci\u00f3n con patrones ontogen\u00e9ticos a nivel global. En este trabajo revisamos las variaciones en [&hellip;]<\/p>\n","protected":false},"author":66,"featured_media":0,"parent":0,"menu_order":0,"comment_status":"closed","ping_status":"closed","template":"","meta":[],"aioseo_notices":[],"_links":{"self":[{"href":"https:\/\/lillo.org.ar\/uel\/wp-json\/wp\/v2\/pages\/1950"}],"collection":[{"href":"https:\/\/lillo.org.ar\/uel\/wp-json\/wp\/v2\/pages"}],"about":[{"href":"https:\/\/lillo.org.ar\/uel\/wp-json\/wp\/v2\/types\/page"}],"author":[{"embeddable":true,"href":"https:\/\/lillo.org.ar\/uel\/wp-json\/wp\/v2\/users\/66"}],"replies":[{"embeddable":true,"href":"https:\/\/lillo.org.ar\/uel\/wp-json\/wp\/v2\/comments?post=1950"}],"version-history":[{"count":3,"href":"https:\/\/lillo.org.ar\/uel\/wp-json\/wp\/v2\/pages\/1950\/revisions"}],"predecessor-version":[{"id":1954,"href":"https:\/\/lillo.org.ar\/uel\/wp-json\/wp\/v2\/pages\/1950\/revisions\/1954"}],"wp:attachment":[{"href":"https:\/\/lillo.org.ar\/uel\/wp-json\/wp\/v2\/media?parent=1950"}],"curies":[{"name":"wp","href":"https:\/\/api.w.org\/{rel}","templated":true}]}}