{"id":1942,"date":"2025-08-08T18:02:48","date_gmt":"2025-08-08T21:02:48","guid":{"rendered":"https:\/\/lillo.org.ar\/uel\/?page_id=1942"},"modified":"2025-08-11T12:31:15","modified_gmt":"2025-08-11T15:31:15","slug":"back-to-the-water-ii-variation-in-eye-and-cranial-morphology-in-telmatobius-frogs-with-different-lifestyles","status":"publish","type":"page","link":"https:\/\/lillo.org.ar\/uel\/back-to-the-water-ii-variation-in-eye-and-cranial-morphology-in-telmatobius-frogs-with-different-lifestyles\/","title":{"rendered":"Back to the water II: Variation in eye and cranial morphology in Telmatobius frogs with different lifestyles"},"content":{"rendered":"<p>Varias l\u00edneas de tetr\u00e1podos han evolucionado de manera independiente hacia un estilo de vida acu\u00e1tico, lo que ha impulsado modificaciones estructurales y funcionales. Entre estas, los cambios en el tama\u00f1o y la posici\u00f3n de los ojos son tendencias clave en dicha transici\u00f3n. Aunque la mayor parte de las ranas y sapos tienen larvas acu\u00e1ticas, la mayor\u00eda de los adultos son terrestres. En contraste, las ranas del g\u00e9nero Telmatobius exhiben un espectro \u00fanico que va desde estilos de vida semiacu\u00e1ticos hasta estrictamente acu\u00e1ticos, asociado con la colonizaci\u00f3n de las tierras altoandinas. Este estudio examina la variaci\u00f3n en el tama\u00f1o y la posici\u00f3n de los ojos, as\u00ed como en las proporciones craneales, en dos especies: la semiacu\u00e1tica Telmatobius oxycephalus y la estrictamente acu\u00e1tica T. rubigo. Se tomaron mediciones en estadios postmetam\u00f3rficos para comparar los grupos y evaluar los patrones alom\u00e9tricos. Telmatobius rubigo, que habita a gran altitud, presenta ojos m\u00e1s peque\u00f1os y una posici\u00f3n ocular m\u00e1s dorsal\/frontal en comparaci\u00f3n con T. oxycephalus. Entre las poblaciones de T. oxycephalus, la poblaci\u00f3n de selva de menor altitud posee ojos m\u00e1s grandes que sus contrapartes de los valles, que habitan a altitudes intermedias. El an\u00e1lisis craneano revela que T. rubigo tiene \u00f3rbitas m\u00e1s peque\u00f1as y c\u00e1psulas \u00f3ticas m\u00e1s grandes, mientras que T. oxycephalus muestra el patr\u00f3n opuesto. Estos hallazgos sugieren que el tama\u00f1o ocular reducido y la posici\u00f3n m\u00e1s frontal\/dorsal de los ojos evolucionaron como respuesta a un estilo de vida acu\u00e1tico en altitudes elevadas. Este patr\u00f3n es paralelo al observado en las ranas pipidas altamente acu\u00e1ticas, que se adaptaron a h\u00e1bitats acu\u00e1ticos durante el Cret\u00e1cico. En contraste, la especializaci\u00f3n de Telmatobius a ambientes acu\u00e1ticos es relativamente reciente y est\u00e1 asociada a la colonizaci\u00f3n de los Andes, lo que ofrece una oportunidad \u00fanica para estudiar una radiaci\u00f3n adaptativa en un contexto evolutivo moderno.<\/p>\n<p>&nbsp;<\/p>\n<figure id=\"attachment_1943\" aria-describedby=\"caption-attachment-1943\" style=\"width: 760px\" class=\"wp-caption aligncenter\"><img loading=\"lazy\" src=\"http:\/\/lillo.org.ar\/uel\/wp-content\/uploads\/figura-8-para-pagina-uel-sebastian-barrionuevo-760x442.jpg\" alt=\"\" width=\"760\" height=\"442\" class=\"size-large wp-image-1943\" srcset=\"https:\/\/lillo.org.ar\/uel\/wp-content\/uploads\/figura-8-para-pagina-uel-sebastian-barrionuevo-760x442.jpg 760w, https:\/\/lillo.org.ar\/uel\/wp-content\/uploads\/figura-8-para-pagina-uel-sebastian-barrionuevo-400x233.jpg 400w, https:\/\/lillo.org.ar\/uel\/wp-content\/uploads\/figura-8-para-pagina-uel-sebastian-barrionuevo-768x447.jpg 768w, https:\/\/lillo.org.ar\/uel\/wp-content\/uploads\/figura-8-para-pagina-uel-sebastian-barrionuevo.jpg 997w\" sizes=\"(max-width: 760px) 100vw, 760px\" \/><figcaption id=\"caption-attachment-1943\" class=\"wp-caption-text\">Perfil altitudinal esquem\u00e1tico que muestra los principales ambientes y los registros de precipitaciones a lo largo de un transecto de 200 km (latitud 23,3\u00b0 S) que conecta tres de las localidades donde habitan las ranas: Telmatobius oxycephalus de selva (punto verde), T. oxycephalus de valle (punto naranja) y T. rubigo (punto amarillo). La variaci\u00f3n en el tama\u00f1o y la posici\u00f3n de los ojos est\u00e1 relacionada con este gradiente ecol\u00f3gico y con los distintos estilos de vida de las ranas.<\/figcaption><\/figure>\n<p>&nbsp;<\/p>\n<p>Autor: <table class= 'bibliplug-authors'><tr><td><a href='https:\/\/lillo.org.ar\/uel\/author\/barrionuevo-jose\/'><img alt='Jos\u00e9 Sebasti\u00e1n Barrionuevo' src='http:\/\/lillo.org.ar\/uel\/wp-content\/uploads\/barrionuevo-120x120.jpg' class='avatar avatar-120 photo' height='120' width='120' \/><\/a><\/td><td><strong><a href='https:\/\/lillo.org.ar\/uel\/author\/barrionuevo-jose\/'>Jos\u00e9 Sebasti\u00e1n Barrionuevo<\/strong><\/a><br\/>Investigador Adjunto \r<br\/>CONICET\r<br\/>FML\r<br\/>Herpetolog\u00eda<\/td><tr><\/table><\/p>\n","protected":false},"excerpt":{"rendered":"<p>Varias l\u00edneas de tetr\u00e1podos han evolucionado de manera independiente hacia un estilo de vida acu\u00e1tico, lo que ha impulsado modificaciones estructurales y funcionales. Entre estas, los cambios en el tama\u00f1o y la posici\u00f3n de los ojos son tendencias clave en dicha transici\u00f3n. Aunque la mayor parte de las ranas y sapos tienen larvas acu\u00e1ticas, la [&hellip;]<\/p>\n","protected":false},"author":66,"featured_media":0,"parent":0,"menu_order":0,"comment_status":"closed","ping_status":"closed","template":"","meta":[],"aioseo_notices":[],"_links":{"self":[{"href":"https:\/\/lillo.org.ar\/uel\/wp-json\/wp\/v2\/pages\/1942"}],"collection":[{"href":"https:\/\/lillo.org.ar\/uel\/wp-json\/wp\/v2\/pages"}],"about":[{"href":"https:\/\/lillo.org.ar\/uel\/wp-json\/wp\/v2\/types\/page"}],"author":[{"embeddable":true,"href":"https:\/\/lillo.org.ar\/uel\/wp-json\/wp\/v2\/users\/66"}],"replies":[{"embeddable":true,"href":"https:\/\/lillo.org.ar\/uel\/wp-json\/wp\/v2\/comments?post=1942"}],"version-history":[{"count":6,"href":"https:\/\/lillo.org.ar\/uel\/wp-json\/wp\/v2\/pages\/1942\/revisions"}],"predecessor-version":[{"id":1949,"href":"https:\/\/lillo.org.ar\/uel\/wp-json\/wp\/v2\/pages\/1942\/revisions\/1949"}],"wp:attachment":[{"href":"https:\/\/lillo.org.ar\/uel\/wp-json\/wp\/v2\/media?parent=1942"}],"curies":[{"name":"wp","href":"https:\/\/api.w.org\/{rel}","templated":true}]}}