{"id":1928,"date":"2025-06-30T17:13:24","date_gmt":"2025-06-30T20:13:24","guid":{"rendered":"https:\/\/lillo.org.ar\/uel\/?page_id=1928"},"modified":"2025-06-30T17:40:02","modified_gmt":"2025-06-30T20:40:02","slug":"global-key-areas-for-anuran-tadpole-discovery","status":"publish","type":"page","link":"https:\/\/lillo.org.ar\/uel\/global-key-areas-for-anuran-tadpole-discovery\/","title":{"rendered":"Global key areas for anuran tadpole discovery"},"content":{"rendered":"<p>Autores<br \/>\nJ Nori*, D Baldo, M Pereyra, S Grosjean, P Dias, H M\u00fcller, M Cordier, P Huais, A Tomba &#038; F Vera Candioti*<\/p>\n<p>Los anuros son el grupo de tetr\u00e1podos m\u00e1s amenazado y presentan importantes vac\u00edos de informaci\u00f3n biol\u00f3gica. Por ejemplo, en m\u00e1s de la mitad de las especies no se conocen sus renacuajos. Y esto es crucial porque en los grupos con desarrollo bif\u00e1sico, los riesgos de extinci\u00f3n pueden impactar diferente en cada etapa de desarrollo. En este trabajo integramos datos de larvas a nivel global, reconstrucci\u00f3n ancestral y an\u00e1lisis basados en Sistemas de Informaci\u00f3n Geogr\u00e1fica para identificar \u00e1reas prioritarias para la investigaci\u00f3n en renacuajos de vida libre. Encontramos que estudios enfocados estrat\u00e9gicamente en el 0,25% de la superficie terrestre podr\u00edan revelar m\u00e1s de la mitad de los renacuajos a\u00fan no descriptos. Estas \u00e1reas se concentran principalmente en hotspots de biodiversidad, incluyendo los Andes Tropicales, el Este de Brasil, \u00c1frica Tropical, India, el Sudeste Asi\u00e1tico y Nueva Guinea. Cada regi\u00f3n exhibe una diversidad taxon\u00f3mica y putativamente funcional de larvas \u00fanica. Este estudio subraya la necesidad de esfuerzos de conservaci\u00f3n urgentes para proteger la diversidad conocida y a\u00fan por descubrir.<\/p>\n<p>Enlace DOI<br \/>\n<a href=\"http:\/\/doi.org\/10.1093\/biolinnean\/blaf017\">doi.org\/10.1093\/biolinnean\/blaf017<\/a><br \/>\n<figure id=\"attachment_1931\" aria-describedby=\"caption-attachment-1931\" style=\"width: 760px\" class=\"wp-caption aligncenter\"><img loading=\"lazy\" src=\"http:\/\/lillo.org.ar\/uel\/wp-content\/uploads\/graphical-abstract-florencia-vera-candioti_reduced-760x409.jpg\" alt=\"\" width=\"760\" height=\"409\" class=\"size-large wp-image-1931\" srcset=\"https:\/\/lillo.org.ar\/uel\/wp-content\/uploads\/graphical-abstract-florencia-vera-candioti_reduced-760x409.jpg 760w, https:\/\/lillo.org.ar\/uel\/wp-content\/uploads\/graphical-abstract-florencia-vera-candioti_reduced-400x215.jpg 400w, https:\/\/lillo.org.ar\/uel\/wp-content\/uploads\/graphical-abstract-florencia-vera-candioti_reduced-768x413.jpg 768w, https:\/\/lillo.org.ar\/uel\/wp-content\/uploads\/graphical-abstract-florencia-vera-candioti_reduced.jpg 800w\" sizes=\"(max-width: 760px) 100vw, 760px\" \/><figcaption id=\"caption-attachment-1931\" class=\"wp-caption-text\">\u00c1reas prioritarias para investigaci\u00f3n en renacuajos a nivel global, mostrando la diversidad taxon\u00f3mica (rosca izquierda, familias indicadas con diferentes colores) y putativamente funcional(rosca derecha, grupos ecomorfol\u00f3gicos larvales inferidos por reconstrucci\u00f3n ancestral) en cada regi\u00f3n.<\/figcaption><\/figure><\/p>\n","protected":false},"excerpt":{"rendered":"<p>Autores J Nori*, D Baldo, M Pereyra, S Grosjean, P Dias, H M\u00fcller, M Cordier, P Huais, A Tomba &#038; F Vera Candioti* Los anuros son el grupo de tetr\u00e1podos m\u00e1s amenazado y presentan importantes vac\u00edos de informaci\u00f3n biol\u00f3gica. Por ejemplo, en m\u00e1s de la mitad de las especies no se conocen sus renacuajos. Y [&hellip;]<\/p>\n","protected":false},"author":66,"featured_media":0,"parent":0,"menu_order":0,"comment_status":"closed","ping_status":"closed","template":"","meta":[],"aioseo_notices":[],"_links":{"self":[{"href":"https:\/\/lillo.org.ar\/uel\/wp-json\/wp\/v2\/pages\/1928"}],"collection":[{"href":"https:\/\/lillo.org.ar\/uel\/wp-json\/wp\/v2\/pages"}],"about":[{"href":"https:\/\/lillo.org.ar\/uel\/wp-json\/wp\/v2\/types\/page"}],"author":[{"embeddable":true,"href":"https:\/\/lillo.org.ar\/uel\/wp-json\/wp\/v2\/users\/66"}],"replies":[{"embeddable":true,"href":"https:\/\/lillo.org.ar\/uel\/wp-json\/wp\/v2\/comments?post=1928"}],"version-history":[{"count":4,"href":"https:\/\/lillo.org.ar\/uel\/wp-json\/wp\/v2\/pages\/1928\/revisions"}],"predecessor-version":[{"id":1933,"href":"https:\/\/lillo.org.ar\/uel\/wp-json\/wp\/v2\/pages\/1928\/revisions\/1933"}],"wp:attachment":[{"href":"https:\/\/lillo.org.ar\/uel\/wp-json\/wp\/v2\/media?parent=1928"}],"curies":[{"name":"wp","href":"https:\/\/api.w.org\/{rel}","templated":true}]}}