{"id":1642,"date":"2023-09-01T17:21:30","date_gmt":"2023-09-01T20:21:30","guid":{"rendered":"http:\/\/lillo.org.ar\/uel\/\/?page_id=1642"},"modified":"2023-09-01T17:23:02","modified_gmt":"2023-09-01T20:23:02","slug":"bioterio","status":"publish","type":"page","link":"https:\/\/lillo.org.ar\/uel\/bioterio\/","title":{"rendered":"Bioterio"},"content":{"rendered":"<p align=\"justify\">\nA partir de junio 2020 se iniciaron tratativas para unificar y normalizar Bioterios con nuestra contraparte (FML). Esto implic\u00f3 un plan de bioterio que incluy\u00f3 un relevamiento de agentes que regularmente cr\u00edan ejemplares. Esta propuesta sigui\u00f3 su curso y en 2022 la UE Lillo (CONICET) form\u00f3 parte de la Red Nacional de Bioterios. Luego de extensas tratativas con la contraparte hemos avanzado en la puesta en valor, con recursos econ\u00f3micos de CONICET y mano de obra principalmente de FML, del espacio destinado al Bioterio de la UEL.<br \/>\nEn la gesti\u00f3n, inscripci\u00f3n y acondicionamiento del Bioterio UEL estuvieron involucrados el T\u00e9cnico Profesional Rugnone y los investigadores Aguilera, Goloboff, Ju\u00e1rez, Mirande, Scrocchi, Szumik, y nuestro administrador Gonzalo Castillo.\n<\/p>\n<h3>Responsable t\u00e9cnico:<\/h3>\n<table class= 'bibliplug-authors'><tr><td><a href='https:\/\/lillo.org.ar\/uel\/author\/frugnonegmail-com\/'><img alt='Fabricio Mauro Rugnone' src='http:\/\/lillo.org.ar\/uel\/wp-content\/uploads\/fabricio-mauro-rugnone_avatar_1774884912-120x120.jpeg' class='avatar avatar-120 photo' height='120' width='120' \/><\/a><\/td><td><strong><a href='https:\/\/lillo.org.ar\/uel\/author\/frugnonegmail-com\/'>Fabricio Mauro Rugnone<\/strong><\/a><br\/>CPA Profesional Asistente \r<br\/>Gesti\u00f3n integral de bioterio\r<br\/><\/td><tr><\/table>\n","protected":false},"excerpt":{"rendered":"<p>A partir de junio 2020 se iniciaron tratativas para unificar y normalizar Bioterios con nuestra contraparte (FML). Esto implic\u00f3 un plan de bioterio que incluy\u00f3 un relevamiento de agentes que regularmente cr\u00edan ejemplares. Esta propuesta sigui\u00f3 su curso y en 2022 la UE Lillo (CONICET) form\u00f3 parte de la Red Nacional de Bioterios. Luego de [&hellip;]<\/p>\n","protected":false},"author":66,"featured_media":0,"parent":0,"menu_order":0,"comment_status":"closed","ping_status":"closed","template":"","meta":[],"aioseo_notices":[],"_links":{"self":[{"href":"https:\/\/lillo.org.ar\/uel\/wp-json\/wp\/v2\/pages\/1642"}],"collection":[{"href":"https:\/\/lillo.org.ar\/uel\/wp-json\/wp\/v2\/pages"}],"about":[{"href":"https:\/\/lillo.org.ar\/uel\/wp-json\/wp\/v2\/types\/page"}],"author":[{"embeddable":true,"href":"https:\/\/lillo.org.ar\/uel\/wp-json\/wp\/v2\/users\/66"}],"replies":[{"embeddable":true,"href":"https:\/\/lillo.org.ar\/uel\/wp-json\/wp\/v2\/comments?post=1642"}],"version-history":[{"count":2,"href":"https:\/\/lillo.org.ar\/uel\/wp-json\/wp\/v2\/pages\/1642\/revisions"}],"predecessor-version":[{"id":1645,"href":"https:\/\/lillo.org.ar\/uel\/wp-json\/wp\/v2\/pages\/1642\/revisions\/1645"}],"wp:attachment":[{"href":"https:\/\/lillo.org.ar\/uel\/wp-json\/wp\/v2\/media?parent=1642"}],"curies":[{"name":"wp","href":"https:\/\/api.w.org\/{rel}","templated":true}]}}