{"id":1371,"date":"2022-09-01T17:18:21","date_gmt":"2022-09-01T20:18:21","guid":{"rendered":"http:\/\/lillo.org.ar\/uel\/\/?page_id=1371"},"modified":"2025-12-18T16:34:09","modified_gmt":"2025-12-18T19:34:09","slug":"paleontologia","status":"publish","type":"page","link":"https:\/\/lillo.org.ar\/uel\/paleontologia\/","title":{"rendered":"Paleontolog\u00eda"},"content":{"rendered":"<p>&nbsp;<\/p>\n<p>El \u00c1rea de Paleontolog\u00eda de la Unidad Ejecutora Lillo ha sido establecida en el a\u00f1o 2020 y est\u00e1 actualmente integrada por los paleont\u00f3logos de vertebrados Fernando Abdala, Christophe Hendrickx, Judith Babot y Daniel Garc\u00eda-L\u00f3pez. Dos tesistas doctorales, Gonzalo Gabriel Bravo y Luis Saade, conforman el grupo de estudiantes.<\/p>\n<p>El inter\u00e9s de la investigaci\u00f3n del Dr. Abdala se centra en la sistem\u00e1tica, la evoluci\u00f3n y la paleobiolog\u00eda de los ter\u00e1psidos no mam\u00edferos, los ancestros de los mam\u00edferos del final del Paleozoico (P\u00e9rmico) y del Mesozoico. Tambi\u00e9n participa en un grupo de estudios de la ontogenia craneana de marsupiales. Con m\u00e1s de un centenar de publicaciones, el Dr. Abdala es uno de los especialistas mundiales en ter\u00e1psidos y cinodontes.<\/p>\n<p>El Dr. Hendrickx tambi\u00e9n trabaja en los ancestros de los mam\u00edferos de principios del Mesozoico (cinodontes del Tri\u00e1sico y del Jur\u00e1sico), as\u00ed como en la clasificaci\u00f3n, la macroevoluci\u00f3n y la paleoecolog\u00eda de los dinosaurios no avianos, con un inter\u00e9s especial en la morfolog\u00eda de su dentici\u00f3n y tegumento.<\/p>\n<p>La Dra. Babot es especialista en marsupiales y grupos f\u00f3siles relacionados (metaterios) que evolucionaron en Am\u00e9rica del Sur durante el Cenozoico, especialmente en los Sparassodonta, un grupo de metaterios carn\u00edvoros. Sus temas de inter\u00e9s son la filogenia, anatom\u00eda dentaria, craneana y postcraneana, paleobiolog\u00eda (e.g., evoluci\u00f3n de la masa corporal, carnivor\u00eda), as\u00ed como tambi\u00e9n el estudio de los cambios en la biota del NOA provocados por el aumento global de la temperatura ocurrido durante el Paleoceno y el Eoceno.<\/p>\n<p>El trabajo del Dr. Garc\u00eda-L\u00f3pez se centra principalmente en la sistem\u00e1tica, paleobiogeograf\u00eda y evoluci\u00f3n de ungulados f\u00f3siles sudamericanos y en aspectos de su morfolog\u00eda craneal y dentaria. Adem\u00e1s de esto, participa en diferentes investigaciones centradas en otras faunas f\u00f3siles de vertebrados, particularmente registrados en unidades pale\u00f3genas. Paralelamente, se desempe\u00f1a como docente de la C\u00e1tedra de Paleontolog\u00eda de la Facultad de Ciencias Naturales e IML de la Universidad Nacional de Tucum\u00e1n.<\/p>\n<p>El Lic. Saade realiza actualmente estudios centrados en mam\u00edferos ungulados f\u00f3siles del Pale\u00f3geno, provenientes principalmente de unidades aflorantes en el noroeste argentino. Se especializa particularmente en aspectos de su morfolog\u00eda dentaria, aplicados a estudios filogen\u00e9ticos y paleobiol\u00f3gicos, realizados en el marco de su trabajo de tesis doctoral, ahora en etapas avanzadas de desarrollo.<\/p>\n<p>El Lic. Bravo es especialista en crocodiliformes notosuquios. Estudia principalmente la morfolog\u00eda y variabilidad anat\u00f3mica de los seb\u00e9cidos, un clado de crocodiliformes terrestres que prosperaron en el Cenozoico temprano. Este grupo es notable por ser el \u00fanico de los notosuquios que sobrevivi\u00f3 a la extinci\u00f3n masiva del Cret\u00e1cico-Pale\u00f3geno. Su objetivo principal es reconstruir las relaciones filogen\u00e9ticas del grupo mediante an\u00e1lisis clad\u00edsticos de parsimonia, aportar nuevos caracteres morfol\u00f3gicos que contribuyan a la resoluci\u00f3n de su historia evolutiva. Adicionalmente, el Lic. Bravo analiza algunos aspectos paleoecol\u00f3gicos y paleobiol\u00f3gicos relacionados al clado.<\/p>\n<p>Nuestro principal objetivo es la realizaci\u00f3n de estudios paleontol\u00f3gicos\/neontol\u00f3gicos en vertebrados amniotas. Desde el punto de vista geogr\u00e1fico, se pretende que los estudios incluyan f\u00f3siles de Argentina, aunque reconociendo el car\u00e1cter indiscutiblemente global del conocimiento paleontol\u00f3gico. Nuestro inter\u00e9s radica en estudios de diversa \u00edndole e incluyen intereses:<\/p>\n<p>Taxon\u00f3micos<\/p>\n<p>Sistem\u00e1ticos<\/p>\n<p>Anat\u00f3micos<\/p>\n<p>Macroevolutivos<\/p>\n<p>Bioestratigr\u00e1ficos<\/p>\n<p>Paleobiogeogr\u00e1ficos<\/p>\n<p>Paleoecol\u00f3gicos<\/p>\n<p>Paleobiol\u00f3gicos<\/p>\n<p>Morfo-funcionales<\/p>\n<p>Hist\u00f3ricos de la paleontolog\u00eda<\/p>\n<p>El \u00c1rea de Paleontolog\u00eda de la UEL est\u00e1 situada en la Oficina 112 (FA), en el primer piso del edificio donde se encuentra la exhibici\u00f3n de la Fundaci\u00f3n Miguel Lillo y en las oficinas 7 (CH), 10 (DGL, GB, LS) y 14 (JB), en el segundo piso del edificio de Presidencia.<\/p>\n<div id='gallery-1' class='gallery galleryid-1371 gallery-columns-3 gallery-size-thumbnail'><figure class='gallery-item'>\n\t\t\t<div class='gallery-icon landscape'>\n\t\t\t\t<a href='https:\/\/lillo.org.ar\/uel\/paleontologia\/psittacosaurus_fossil_under_laser_light\/'><img width=\"150\" height=\"150\" src=\"https:\/\/lillo.org.ar\/uel\/wp-content\/uploads\/psittacosaurus_fossil_under_laser_light-150x150.jpg\" class=\"attachment-thumbnail size-thumbnail\" alt=\"\" loading=\"lazy\" \/><\/a>\n\t\t\t<\/div><\/figure><figure class='gallery-item'>\n\t\t\t<div class='gallery-icon landscape'>\n\t\t\t\t<a href='https:\/\/lillo.org.ar\/uel\/paleontologia\/juravenator_starki_jake_baardse_light\/'><img width=\"150\" height=\"150\" src=\"https:\/\/lillo.org.ar\/uel\/wp-content\/uploads\/juravenator_starki_jake_baardse_light-150x150.jpg\" class=\"attachment-thumbnail size-thumbnail\" alt=\"\" loading=\"lazy\" \/><\/a>\n\t\t\t<\/div><\/figure><figure class='gallery-item'>\n\t\t\t<div class='gallery-icon portrait'>\n\t\t\t\t<a href='https:\/\/lillo.org.ar\/uel\/paleontologia\/dibujo-basicraneo-colbertia-1\/'><img width=\"150\" height=\"150\" src=\"https:\/\/lillo.org.ar\/uel\/wp-content\/uploads\/dibujo-basicraneo-colbertia-1-150x150.jpg\" class=\"attachment-thumbnail size-thumbnail\" alt=\"\" loading=\"lazy\" \/><\/a>\n\t\t\t<\/div><\/figure><figure class='gallery-item'>\n\t\t\t<div class='gallery-icon landscape'>\n\t\t\t\t<a href='https:\/\/lillo.org.ar\/uel\/paleontologia\/apeidodon\/'><img width=\"150\" height=\"150\" src=\"https:\/\/lillo.org.ar\/uel\/wp-content\/uploads\/apeidodon-150x150.jpg\" class=\"attachment-thumbnail size-thumbnail\" alt=\"\" loading=\"lazy\" \/><\/a>\n\t\t\t<\/div><\/figure><figure class='gallery-item'>\n\t\t\t<div class='gallery-icon landscape'>\n\t\t\t\t<a href='https:\/\/lillo.org.ar\/uel\/paleontologia\/gonzalo\/'><img width=\"150\" height=\"150\" src=\"https:\/\/lillo.org.ar\/uel\/wp-content\/uploads\/gonzalo-150x150.jpg\" class=\"attachment-thumbnail size-thumbnail\" alt=\"\" loading=\"lazy\" \/><\/a>\n\t\t\t<\/div><\/figure><figure class='gallery-item'>\n\t\t\t<div class='gallery-icon portrait'>\n\t\t\t\t<a href='https:\/\/lillo.org.ar\/uel\/paleontologia\/20220829_163324\/'><img width=\"150\" height=\"150\" src=\"https:\/\/lillo.org.ar\/uel\/wp-content\/uploads\/20220829_163324-150x150.jpg\" class=\"attachment-thumbnail size-thumbnail\" alt=\"\" loading=\"lazy\" \/><\/a>\n\t\t\t<\/div><\/figure><figure class='gallery-item'>\n\t\t\t<div class='gallery-icon landscape'>\n\t\t\t\t<a href='https:\/\/lillo.org.ar\/uel\/paleontologia\/acosta\/'><img width=\"150\" height=\"150\" src=\"https:\/\/lillo.org.ar\/uel\/wp-content\/uploads\/acosta-150x150.jpg\" class=\"attachment-thumbnail size-thumbnail\" alt=\"\" loading=\"lazy\" \/><\/a>\n\t\t\t<\/div><\/figure>\n\t\t<\/div>\n\n<h3>Investigadores:<\/h3>\n<p><table class= 'bibliplug-authors'><tr><td><a href='https:\/\/lillo.org.ar\/uel\/author\/fernando-abdala\/'><img alt='N\u00e9stor Fernando Abdala' src='http:\/\/lillo.org.ar\/uel\/wp-content\/uploads\/biuti-120x120.jpg' class='avatar avatar-120 photo' height='120' width='120' \/><\/a><\/td><td><strong><a href='https:\/\/lillo.org.ar\/uel\/author\/fernando-abdala\/'>N\u00e9stor Fernando Abdala<\/strong><\/a><br\/>Investigador Principal\r<br\/>CONICET\r<br\/>Paleontolog\u00eda<\/td><tr><\/table><br \/>\n<table class= 'bibliplug-authors'><tr><td><a href='https:\/\/lillo.org.ar\/uel\/author\/mjbabotlillo-org-ar\/'><img alt='Mar\u00eda Judith Babot' src='http:\/\/lillo.org.ar\/uel\/wp-content\/uploads\/babot-120x120.jpg' class='avatar avatar-120 photo' height='120' width='120' \/><\/a><\/td><td><strong><a href='https:\/\/lillo.org.ar\/uel\/author\/mjbabotlillo-org-ar\/'>Mar\u00eda Judith Babot<\/strong><\/a><br\/>Investigadora Adjunta\r<br\/>CONICET\r<br\/>Paleontolog\u00eda<\/td><tr><\/table><br \/>\n<table class= 'bibliplug-authors'><tr><td><a href='https:\/\/lillo.org.ar\/uel\/author\/dgarcialopezcsnat-unt-edu-ar\/'><img alt='Daniel Garc\u00eda L\u00f3pez' src='http:\/\/lillo.org.ar\/uel\/wp-content\/uploads\/daniel-garcia-lopez-120x120.jpg' class='avatar avatar-120 photo' height='120' width='120' \/><\/a><\/td><td><strong><a href='https:\/\/lillo.org.ar\/uel\/author\/dgarcialopezcsnat-unt-edu-ar\/'>Daniel Garc\u00eda L\u00f3pez<\/strong><\/a><br\/>Investigador Independiente\r<br\/>CONICET\r<br\/>Paleontolog\u00eda<\/td><tr><\/table><br \/>\n<table class= 'bibliplug-authors'><tr><td><a href='https:\/\/lillo.org.ar\/uel\/author\/christophe-hendrickx\/'><img alt='Christophe Hendrickx' src='http:\/\/lillo.org.ar\/uel\/wp-content\/uploads\/me_lillo_small-120x120.jpg' class='avatar avatar-120 photo' height='120' width='120' \/><\/a><\/td><td><strong><a href='https:\/\/lillo.org.ar\/uel\/author\/christophe-hendrickx\/'>Christophe Hendrickx<\/strong><\/a><br\/>Becario postdoctoral\r<br\/>CONICET\r<br\/>Paleontolog\u00eda<\/td><tr><\/table><\/p>\n<h3>Becarios doctorales:<\/h3>\n<p><table class= 'bibliplug-authors'><tr><td><a href='https:\/\/lillo.org.ar\/uel\/author\/gonzagbravogmail-com\/'><img alt='Gonzalo Bravo' src='http:\/\/lillo.org.ar\/uel\/wp-content\/uploads\/foto-gonza-bravo-120x120.jpg' class='avatar avatar-120 photo' height='120' width='120' \/><\/a><\/td><td><strong><a href='https:\/\/lillo.org.ar\/uel\/author\/gonzagbravogmail-com\/'>Gonzalo Bravo<\/strong><\/a><br\/>Becario Doctoral\r<br\/>CONICET\r<br\/>Paleontolog\u00eda<\/td><tr><\/table><br \/>\n<table class= 'bibliplug-authors'><tr><td><a href='https:\/\/lillo.org.ar\/uel\/author\/mochosaade33gmail-com\/'><img alt='Luis Saade' src='http:\/\/lillo.org.ar\/uel\/wp-content\/uploads\/luissaade-e1765988119259-120x120.jpeg' class='avatar avatar-120 photo' height='120' width='120' \/><\/a><\/td><td><strong><a href='https:\/\/lillo.org.ar\/uel\/author\/mochosaade33gmail-com\/'>Luis Saade<\/strong><\/a><br\/>Becario Doctoral\r<br\/>CONICET\r<br\/>Paleontolog\u00eda\r<br\/><\/td><tr><\/table><\/p>\n","protected":false},"excerpt":{"rendered":"<p>&nbsp; El \u00c1rea de Paleontolog\u00eda de la Unidad Ejecutora Lillo ha sido establecida en el a\u00f1o 2020 y est\u00e1 actualmente integrada por los paleont\u00f3logos de vertebrados Fernando Abdala, Christophe Hendrickx, Judith Babot y Daniel Garc\u00eda-L\u00f3pez. Dos tesistas doctorales, Gonzalo Gabriel Bravo y Luis Saade, conforman el grupo de estudiantes. El inter\u00e9s de la investigaci\u00f3n del [&hellip;]<\/p>\n","protected":false},"author":66,"featured_media":0,"parent":0,"menu_order":0,"comment_status":"closed","ping_status":"closed","template":"","meta":[],"aioseo_notices":[],"_links":{"self":[{"href":"https:\/\/lillo.org.ar\/uel\/wp-json\/wp\/v2\/pages\/1371"}],"collection":[{"href":"https:\/\/lillo.org.ar\/uel\/wp-json\/wp\/v2\/pages"}],"about":[{"href":"https:\/\/lillo.org.ar\/uel\/wp-json\/wp\/v2\/types\/page"}],"author":[{"embeddable":true,"href":"https:\/\/lillo.org.ar\/uel\/wp-json\/wp\/v2\/users\/66"}],"replies":[{"embeddable":true,"href":"https:\/\/lillo.org.ar\/uel\/wp-json\/wp\/v2\/comments?post=1371"}],"version-history":[{"count":15,"href":"https:\/\/lillo.org.ar\/uel\/wp-json\/wp\/v2\/pages\/1371\/revisions"}],"predecessor-version":[{"id":2262,"href":"https:\/\/lillo.org.ar\/uel\/wp-json\/wp\/v2\/pages\/1371\/revisions\/2262"}],"wp:attachment":[{"href":"https:\/\/lillo.org.ar\/uel\/wp-json\/wp\/v2\/media?parent=1371"}],"curies":[{"name":"wp","href":"https:\/\/api.w.org\/{rel}","templated":true}]}}