{"id":1294,"date":"2022-07-28T11:27:12","date_gmt":"2022-07-28T14:27:12","guid":{"rendered":"http:\/\/lillo.org.ar\/uel\/\/?page_id=1294"},"modified":"2025-08-26T18:15:13","modified_gmt":"2025-08-26T21:15:13","slug":"estacion-biologica-batiruana-actividades","status":"publish","type":"page","link":"https:\/\/lillo.org.ar\/uel\/estacion-biologica-batiruana-actividades\/","title":{"rendered":"Estaci\u00f3n Biol\u00f3gica Batiruana. Actividades."},"content":{"rendered":"<div id='gallery-1' class='gallery galleryid-1294 gallery-columns-3 gallery-size-thumbnail'><figure class='gallery-item'>\n\t\t\t<div class='gallery-icon landscape'>\n\t\t\t\t<a href='https:\/\/lillo.org.ar\/uel\/estacion-biologica-batiruana-actividades\/estacionrondagente\/'><img width=\"150\" height=\"150\" src=\"https:\/\/lillo.org.ar\/uel\/wp-content\/uploads\/estacionrondagente-150x150.jpg\" class=\"attachment-thumbnail size-thumbnail\" alt=\"\" loading=\"lazy\" \/><\/a>\n\t\t\t<\/div><\/figure><figure class='gallery-item'>\n\t\t\t<div class='gallery-icon portrait'>\n\t\t\t\t<a href='https:\/\/lillo.org.ar\/uel\/estacion-biologica-batiruana-actividades\/estacionentreyunga\/'><img width=\"150\" height=\"150\" src=\"https:\/\/lillo.org.ar\/uel\/wp-content\/uploads\/estacionentreyunga-150x150.jpg\" class=\"attachment-thumbnail size-thumbnail\" alt=\"\" loading=\"lazy\" \/><\/a>\n\t\t\t<\/div><\/figure><figure class='gallery-item'>\n\t\t\t<div class='gallery-icon landscape'>\n\t\t\t\t<a href='https:\/\/lillo.org.ar\/uel\/estacion-biologica-batiruana-actividades\/estacionactiv10\/'><img width=\"150\" height=\"150\" src=\"https:\/\/lillo.org.ar\/uel\/wp-content\/uploads\/estacionactiv10-150x150.jpg\" class=\"attachment-thumbnail size-thumbnail\" alt=\"\" loading=\"lazy\" \/><\/a>\n\t\t\t<\/div><\/figure><figure class='gallery-item'>\n\t\t\t<div class='gallery-icon landscape'>\n\t\t\t\t<a href='https:\/\/lillo.org.ar\/uel\/estacion-biologica-batiruana-actividades\/estacionactiv11\/'><img width=\"150\" height=\"150\" src=\"https:\/\/lillo.org.ar\/uel\/wp-content\/uploads\/estacionactiv11-150x150.jpg\" class=\"attachment-thumbnail size-thumbnail\" alt=\"\" loading=\"lazy\" \/><\/a>\n\t\t\t<\/div><\/figure><figure class='gallery-item'>\n\t\t\t<div class='gallery-icon landscape'>\n\t\t\t\t<a href='https:\/\/lillo.org.ar\/uel\/estacion-biologica-batiruana-actividades\/estacionactiv12\/'><img width=\"150\" height=\"150\" src=\"https:\/\/lillo.org.ar\/uel\/wp-content\/uploads\/estacionactiv12-150x150.jpg\" class=\"attachment-thumbnail size-thumbnail\" alt=\"\" loading=\"lazy\" \/><\/a>\n\t\t\t<\/div><\/figure>\n\t\t<\/div>\n\n<p align=\"justify\">Las actividades educativas que se realizan en el contexto de la Estaci\u00f3n Biol\u00f3gica incluyen : talleres para ni\u00f1os de los diferentes niveles educativos dirigidos a escuelas y p\u00fablico en general principalmente de la zona y cursos de posgrado; entre las actividades cient\u00edficas: se efect\u00faan muestreos de artr\u00f3podos, relevamiento de aves y desarrollo de proyectos relacionados a bioterio; entre las actividades de divulgaci\u00f3n: carteler\u00eda, folleter\u00eda, charlas, publicaciones en revistas como Universo Tucumano, gu\u00edas de mariposas, etc.<\/p>\n<p align=\"justify\">La estaci\u00f3n biol\u00f3gica batiruana (EBB) es un espacio f\u00edsico acondicionado para brindar soluciones log\u00edsticas en el desarrollo de proyectos de investigaci\u00f3n in situ. Actualmente se puede gestionar con el encargado t\u00e9cnico del lugar, donde alojarse, cocinar y llevar a cabo las tareas esenciales de conservaci\u00f3n de muestras, etc.<\/p>\n<h4>Contacto:<\/h4>\n<p><a href=\"mailto:ebb_uel@conicet.gov.ar\">ebb_uel@conicet.gov.ar<\/a><\/p>\n","protected":false},"excerpt":{"rendered":"<p>Las actividades educativas que se realizan en el contexto de la Estaci\u00f3n Biol\u00f3gica incluyen : talleres para ni\u00f1os de los diferentes niveles educativos dirigidos a escuelas y p\u00fablico en general principalmente de la zona y cursos de posgrado; entre las actividades cient\u00edficas: se efect\u00faan muestreos de artr\u00f3podos, relevamiento de aves y desarrollo de proyectos relacionados [&hellip;]<\/p>\n","protected":false},"author":66,"featured_media":0,"parent":0,"menu_order":0,"comment_status":"closed","ping_status":"closed","template":"","meta":[],"aioseo_notices":[],"_links":{"self":[{"href":"https:\/\/lillo.org.ar\/uel\/wp-json\/wp\/v2\/pages\/1294"}],"collection":[{"href":"https:\/\/lillo.org.ar\/uel\/wp-json\/wp\/v2\/pages"}],"about":[{"href":"https:\/\/lillo.org.ar\/uel\/wp-json\/wp\/v2\/types\/page"}],"author":[{"embeddable":true,"href":"https:\/\/lillo.org.ar\/uel\/wp-json\/wp\/v2\/users\/66"}],"replies":[{"embeddable":true,"href":"https:\/\/lillo.org.ar\/uel\/wp-json\/wp\/v2\/comments?post=1294"}],"version-history":[{"count":16,"href":"https:\/\/lillo.org.ar\/uel\/wp-json\/wp\/v2\/pages\/1294\/revisions"}],"predecessor-version":[{"id":1984,"href":"https:\/\/lillo.org.ar\/uel\/wp-json\/wp\/v2\/pages\/1294\/revisions\/1984"}],"wp:attachment":[{"href":"https:\/\/lillo.org.ar\/uel\/wp-json\/wp\/v2\/media?parent=1294"}],"curies":[{"name":"wp","href":"https:\/\/api.w.org\/{rel}","templated":true}]}}