{"id":1235,"date":"2022-07-22T12:01:54","date_gmt":"2022-07-22T15:01:54","guid":{"rendered":"http:\/\/lillo.org.ar\/uel\/\/?page_id=1235"},"modified":"2025-08-26T18:24:09","modified_gmt":"2025-08-26T21:24:09","slug":"administracion","status":"publish","type":"page","link":"https:\/\/lillo.org.ar\/uel\/administracion\/","title":{"rendered":"Administraci\u00f3n General"},"content":{"rendered":"<h6>Departamento de Administraci\u00f3n General<\/h6>\n<p><\/p>\n<p align=\"justify\">\nEl Dpto. de Administraci\u00f3n General y Recursos Humanos es el responsable de gestionar la administraci\u00f3n y el desarrollo del capital humano con lugar de trabajo en la UNIDAD EJECUTORA LILLO.\n<\/p>\n<p align=\"justify\">\nAsimismo, se realizan tareas de soporte en gesti\u00f3n inherentes a Asesor\u00edas, Servicios arancelados a terceros (SAT), Servicios tecnol\u00f3gicos de alto nivel (STAN) y Proyectos Cient\u00edficos-Acad\u00e9micos.\n<\/p>\n<h6>Contacto:<\/h6>\n<p><a href=\"mailto:uel@conicet.gov.ar\">uel@conicet.gov.ar<\/a><\/p>\n","protected":false},"excerpt":{"rendered":"<p>Departamento de Administraci\u00f3n General El Dpto. de Administraci\u00f3n General y Recursos Humanos es el responsable de gestionar la administraci\u00f3n y el desarrollo del capital humano con lugar de trabajo en la UNIDAD EJECUTORA LILLO. Asimismo, se realizan tareas de soporte en gesti\u00f3n inherentes a Asesor\u00edas, Servicios arancelados a terceros (SAT), Servicios tecnol\u00f3gicos de alto nivel [&hellip;]<\/p>\n","protected":false},"author":66,"featured_media":0,"parent":0,"menu_order":0,"comment_status":"closed","ping_status":"closed","template":"","meta":[],"aioseo_notices":[],"_links":{"self":[{"href":"https:\/\/lillo.org.ar\/uel\/wp-json\/wp\/v2\/pages\/1235"}],"collection":[{"href":"https:\/\/lillo.org.ar\/uel\/wp-json\/wp\/v2\/pages"}],"about":[{"href":"https:\/\/lillo.org.ar\/uel\/wp-json\/wp\/v2\/types\/page"}],"author":[{"embeddable":true,"href":"https:\/\/lillo.org.ar\/uel\/wp-json\/wp\/v2\/users\/66"}],"replies":[{"embeddable":true,"href":"https:\/\/lillo.org.ar\/uel\/wp-json\/wp\/v2\/comments?post=1235"}],"version-history":[{"count":10,"href":"https:\/\/lillo.org.ar\/uel\/wp-json\/wp\/v2\/pages\/1235\/revisions"}],"predecessor-version":[{"id":1988,"href":"https:\/\/lillo.org.ar\/uel\/wp-json\/wp\/v2\/pages\/1235\/revisions\/1988"}],"wp:attachment":[{"href":"https:\/\/lillo.org.ar\/uel\/wp-json\/wp\/v2\/media?parent=1235"}],"curies":[{"name":"wp","href":"https:\/\/api.w.org\/{rel}","templated":true}]}}