{"id":1119,"date":"2019-08-20T10:52:52","date_gmt":"2019-08-20T13:52:52","guid":{"rendered":"http:\/\/lillo.org.ar\/uel\/\/?page_id=1119"},"modified":"2019-08-21T17:50:09","modified_gmt":"2019-08-21T20:50:09","slug":"ex-miembros-uel","status":"publish","type":"page","link":"https:\/\/lillo.org.ar\/uel\/ex-miembros-uel\/","title":{"rendered":"Ex miembros UEL"},"content":{"rendered":"\t<div class=\"gridable gridable--row\" >\n\t\t\t<div class=\"gridable--col col-4\" >\n\t\t<p><table class= 'bibliplug-authors'><tr><td><a href='https:\/\/lillo.org.ar\/uel\/author\/carolina-correa\/'><img alt='Carolina Correa' src='http:\/\/lillo.org.ar\/uel\/wp-content\/uploads\/carolina-correa_avatar_1505497916-120x120.jpg' class='avatar avatar-120 photo' height='120' width='120' \/><\/a><\/td><td><strong><a href='https:\/\/lillo.org.ar\/uel\/author\/carolina-correa\/'>Carolina Mar\u00eda Correa<\/strong><\/a><br\/>Licenciada en Ciencias Biol\u00f3gicas (Facultad de Cs. Nat. e IML U.N.T)\r<br\/>Becaria Doctoral CONICET\r<br\/>Unidad Ejecutora Lillo (CONICET - FML)<\/td><tr><\/table><table class= 'bibliplug-authors'><tr><td><a href='https:\/\/lillo.org.ar\/uel\/author\/raquel-gandolfo\/'><img alt='Raquel Gandolfo' src='http:\/\/lillo.org.ar\/uel\/wp-content\/uploads\/raquel-gandolfo_avatar_1504908274-120x120.jpg' class='avatar avatar-120 photo' height='120' width='120' \/><\/a><\/td><td><strong><a href='https:\/\/lillo.org.ar\/uel\/author\/raquel-gandolfo\/'>Raquel Gandolfo<\/strong><\/a><br\/>Licenciada en Ciencias Biol\u00f3gicas (UNT)\r<br\/>Becaria Doctoral CONICET (Unidad Ejecutora Lillo)\r<br\/>Entomolog\u00eda<\/td><tr><\/table><table class= 'bibliplug-authors'><tr><td><a href='https:\/\/lillo.org.ar\/uel\/author\/jorge-rafael-flores\/'><img alt='Jorge Flores' src='http:\/\/lillo.org.ar\/uel\/wp-content\/uploads\/jorge-flores_avatar_1505420846-120x120.jpg' class='avatar avatar-120 photo' height='120' width='120' \/><\/a><\/td><td><strong><a href='https:\/\/lillo.org.ar\/uel\/author\/jorge-rafael-flores\/'>Jorge R. Flores<\/strong><\/a><br\/>Investigador Asistente\r<br\/>CONICET\r<br\/>Bot\u00e1nica <\/td><tr><\/table><table class= 'bibliplug-authors'><tr><td><a href='https:\/\/lillo.org.ar\/uel\/author\/claudia-martin\/'><img alt='Claudia Mart\u00edn' src='http:\/\/lillo.org.ar\/uel\/wp-content\/uploads\/claudia-martin_avatar_1505912775-120x120.jpg' class='avatar avatar-120 photo' height='120' width='120' \/><\/a><\/td><td><strong><a href='https:\/\/lillo.org.ar\/uel\/author\/claudia-martin\/'>Claudia Melisa Mart\u00edn<\/strong><\/a><br\/>Licenciada en Ciencias Biol\u00f3gicas (Facultad de Ciencias Agrarias. UNJu).\r<br\/>Doctorando en Ciencias Biol\u00f3gicas (UNT).\r<br\/>Becaria Doctoral - Unidad Ejecutora Lillo (CONICET-FML).<\/td><tr><\/table><\/p>\t<\/div>\n\t<div class=\"gridable--col col-4\" >\n\t\t<p><table class= 'bibliplug-authors'><tr><td><a href='https:\/\/lillo.org.ar\/uel\/author\/regina-gabriela-medina\/'><img alt='Regina Gabriela Medina' src='http:\/\/lillo.org.ar\/uel\/wp-content\/uploads\/regina-gabriela-medina_avatar_1505335159-120x120.jpg' class='avatar avatar-120 photo' height='120' width='120' \/><\/a><\/td><td><strong><a href='https:\/\/lillo.org.ar\/uel\/author\/regina-gabriela-medina\/'>Regina Gabriela Medina<\/strong><\/a><br\/>Dra. en Ciencias Biol\u00f3gicas<\/td><tr><\/table><table class= 'bibliplug-authors'><tr><td><a href='https:\/\/lillo.org.ar\/uel\/author\/leticia-moyers\/'><img alt='Leticia Moyers' src='http:\/\/lillo.org.ar\/uel\/wp-content\/uploads\/leticia-moyers_avatar_1505245988-120x120.jpg' class='avatar avatar-120 photo' height='120' width='120' \/><\/a><\/td><td><strong><a href='https:\/\/lillo.org.ar\/uel\/author\/leticia-moyers\/'>Leticia Moyers<\/strong><\/a><br\/>Bi\u00f3loga (Universidad Nacional Aut\u00f3noma de M\u00e9xico)\r<br\/>Maestra en Cs Biol\u00f3gicas (Universidad Nacional Aut\u00f3noma de M\u00e9xico)\r<br\/>Becaria doctoral CONICET (Unidad Ejecutora Lillo CONICET-FML)<\/td><tr><\/table><table class= 'bibliplug-authors'><tr><td><a href='https:\/\/lillo.org.ar\/uel\/author\/gabriela-nadra\/'><img alt='Mar\u00eda Nadra' src='http:\/\/lillo.org.ar\/uel\/wp-content\/uploads\/gabriela-nadra_avatar_1505371206-120x120.jpg' class='avatar avatar-120 photo' height='120' width='120' \/><\/a><\/td><td><strong><a href='https:\/\/lillo.org.ar\/uel\/author\/gabriela-nadra\/'>Mar\u00eda Gabriela Nadra<\/strong><\/a><br\/>Licenciada en Ciencias Biol\u00f3gicas (Facultad de Ciencias Naturales e IML. UNT)\r<br\/>Becaria Doctoral CONICET-Doctorado en Ciencias Biol\u00f3gicas UNT.\r<br\/>Unidad ejecutora Lillo (CONICET-FML)\r<br\/><\/td><tr><\/table><table class= 'bibliplug-authors'><tr><td><a href='https:\/\/lillo.org.ar\/uel\/author\/mariano-ordano\/'><img alt='Mariano Ordano' src='http:\/\/lillo.org.ar\/uel\/wp-content\/uploads\/mariano-ordano_avatar_1505347964-120x120.jpg' class='avatar avatar-120 photo' height='120' width='120' \/><\/a><\/td><td><strong><a href='https:\/\/lillo.org.ar\/uel\/author\/mariano-ordano\/'>Mariano Ordano<\/strong><\/a><br\/>Investigador Adjunto CONICET\r<br\/>Profesor Titular Fundaci\u00f3n Miguel Lillo\r<br\/>Interacciones Bi\u00f3ticas\r<br\/><\/td><tr><\/table><\/p>\t<\/div>\n\t<div class=\"gridable--col col-4\" >\n\t\t<p><table class= 'bibliplug-authors'><tr><td><a href='https:\/\/lillo.org.ar\/uel\/author\/veronica-pereyra\/'><img alt='Ver\u00f3nica Pereyra' src='http:\/\/lillo.org.ar\/uel\/wp-content\/uploads\/veronica-120x120.jpg' class='avatar avatar-120 photo' height='120' width='120' \/><\/a><\/td><td><strong><a href='https:\/\/lillo.org.ar\/uel\/author\/veronica-pereyra\/'>Ver\u00f3nica Pereyra<\/strong><\/a><br\/>Investigadora\r<br\/>CONICET\r<br\/>.\r<br\/>.\r<br\/>.<\/td><tr><\/table><table class= 'bibliplug-authors'><tr><td><a href='https:\/\/lillo.org.ar\/uel\/author\/mario-ruiz-monachesi\/'><img alt='Mario Ruiz Monachesi' src='http:\/\/lillo.org.ar\/uel\/wp-content\/uploads\/mario-ruiz-monachesi_avatar_1506098777-120x120.jpg' class='avatar avatar-120 photo' height='120' width='120' \/><\/a><\/td><td><strong><a href='https:\/\/lillo.org.ar\/uel\/author\/mario-ruiz-monachesi\/'>Mario Ruiz Monachesi<\/strong><\/a><br\/>Licenciado en Ciencias Biol\u00f3gicas\r<br\/>Estudiante de Doctorado\r<br\/>Unidad Ejecutora Lilo (UEL)\r<br\/>Instituto de Herpetolog\u00eda Fundaci\u00f3n Miguel Liilo\r<br\/><\/td><tr><\/table><table class= 'bibliplug-authors'><tr><td><a href='https:\/\/lillo.org.ar\/uel\/author\/miriam-vera\/'><img alt='Miriam Vera' src='http:\/\/lillo.org.ar\/uel\/wp-content\/uploads\/miriam-vera_avatar_1503509520-120x120.jpg' class='avatar avatar-120 photo' height='120' width='120' \/><\/a><\/td><td><strong><a href='https:\/\/lillo.org.ar\/uel\/author\/miriam-vera\/'>Miriam Vera<\/strong><\/a><br\/>Licenciada en Ciencias Biol\u00f3gicas (Facultad de Cs. Naturales e IML) \r<br\/>Becaria doctoral de CONICET \r<br\/>Instituto de Herpetolog\u00eda, UEL (FML-CONICET)<\/td><tr><\/table><\/p>\t<\/div>\n\t<\/div>\n\n<p>&nbsp;<\/p>\n<p>&nbsp;<\/p>\n","protected":false},"excerpt":{"rendered":"<p>&nbsp; &nbsp;<\/p>\n","protected":false},"author":34,"featured_media":0,"parent":0,"menu_order":0,"comment_status":"closed","ping_status":"closed","template":"","meta":[],"aioseo_notices":[],"_links":{"self":[{"href":"https:\/\/lillo.org.ar\/uel\/wp-json\/wp\/v2\/pages\/1119"}],"collection":[{"href":"https:\/\/lillo.org.ar\/uel\/wp-json\/wp\/v2\/pages"}],"about":[{"href":"https:\/\/lillo.org.ar\/uel\/wp-json\/wp\/v2\/types\/page"}],"author":[{"embeddable":true,"href":"https:\/\/lillo.org.ar\/uel\/wp-json\/wp\/v2\/users\/34"}],"replies":[{"embeddable":true,"href":"https:\/\/lillo.org.ar\/uel\/wp-json\/wp\/v2\/comments?post=1119"}],"version-history":[{"count":13,"href":"https:\/\/lillo.org.ar\/uel\/wp-json\/wp\/v2\/pages\/1119\/revisions"}],"predecessor-version":[{"id":1177,"href":"https:\/\/lillo.org.ar\/uel\/wp-json\/wp\/v2\/pages\/1119\/revisions\/1177"}],"wp:attachment":[{"href":"https:\/\/lillo.org.ar\/uel\/wp-json\/wp\/v2\/media?parent=1119"}],"curies":[{"name":"wp","href":"https:\/\/api.w.org\/{rel}","templated":true}]}}