{"id":66,"date":"2016-12-17T04:40:14","date_gmt":"2016-12-17T04:40:14","guid":{"rendered":"http:\/\/127.0.0.1:90\/uel\/?page_id=66"},"modified":"2017-12-13T16:02:04","modified_gmt":"2017-12-13T19:02:04","slug":"extension","status":"publish","type":"page","link":"http:\/\/lillo.org.ar\/uel\/extension\/","title":{"rendered":"Extensi\u00f3n"},"content":{"rendered":"<p><strong>Primera visita de los Lilloanos a Batiruana<\/strong><br \/>\nDurante los d\u00edas 27 y 28 de Octubre del presente a\u00f1o se vivi\u00f3 la primera experiencia de \u00abConozcamos nuestra naturaleza\u00bb,<br \/>\nen el marco del convenio de la Comuna de Y\u00e1nima y la UEL. Investigadores y becarios de la UEL visitaron Batiruana y compartieron con chicos de escuelas locales y con la comunidad en general distintas experiencias, con el fin de promover el conocimiento de la fauna local.<\/p>\n<p>Edici\u00f3n audiovisual: Luc\u00eda Goloboff<\/p>\n<p><iframe loading=\"lazy\" width=\"800\" height=\"450\" src=\"https:\/\/www.youtube.com\/embed\/RXMHCgJp3HA?feature=oembed\" frameborder=\"0\" gesture=\"media\" allow=\"encrypted-media\" allowfullscreen><\/iframe><\/p>\n<p><iframe loading=\"lazy\" width=\"800\" height=\"450\" src=\"https:\/\/www.youtube.com\/embed\/KxTI626oRoA?feature=oembed\" frameborder=\"0\" gesture=\"media\" allow=\"encrypted-media\" allowfullscreen><\/iframe><\/p>\n<p>&nbsp;<\/p>\n<p>&nbsp;<\/p>\n<p>&nbsp;<\/p>\n<p>&nbsp;<\/p>\n<figure id=\"attachment_600\" aria-describedby=\"caption-attachment-600\" style=\"width: 606px\" class=\"wp-caption aligncenter\"><img loading=\"lazy\" class=\" wp-image-600\" src=\"http:\/\/lillo.org.ar\/uel\/wp-content\/uploads\/bati1_1-283x400.jpg\" alt=\"\" width=\"606\" height=\"857\" srcset=\"http:\/\/lillo.org.ar\/uel\/wp-content\/uploads\/bati1_1-283x400.jpg 283w, http:\/\/lillo.org.ar\/uel\/wp-content\/uploads\/bati1_1-768x1087.jpg 768w, http:\/\/lillo.org.ar\/uel\/wp-content\/uploads\/bati1_1-537x760.jpg 537w\" sizes=\"(max-width: 606px) 100vw, 606px\" \/><figcaption id=\"caption-attachment-600\" class=\"wp-caption-text\">Visita a Batiruana 1<\/figcaption><\/figure>\n<figure id=\"attachment_602\" aria-describedby=\"caption-attachment-602\" style=\"width: 600px\" class=\"wp-caption aligncenter\"><img loading=\"lazy\" class=\" wp-image-602\" src=\"http:\/\/lillo.org.ar\/uel\/wp-content\/uploads\/bati1_2-283x400.jpg\" alt=\"\" width=\"600\" height=\"848\" srcset=\"http:\/\/lillo.org.ar\/uel\/wp-content\/uploads\/bati1_2-283x400.jpg 283w, http:\/\/lillo.org.ar\/uel\/wp-content\/uploads\/bati1_2-768x1087.jpg 768w, http:\/\/lillo.org.ar\/uel\/wp-content\/uploads\/bati1_2-537x760.jpg 537w\" sizes=\"(max-width: 600px) 100vw, 600px\" \/><figcaption id=\"caption-attachment-602\" class=\"wp-caption-text\">Visita a Batiruana 1<\/figcaption><\/figure>\n","protected":false},"excerpt":{"rendered":"<p>Primera visita de los Lilloanos a Batiruana Durante los d\u00edas 27 y 28 de Octubre del presente a\u00f1o se vivi\u00f3 la primera experiencia de \u00abConozcamos nuestra naturaleza\u00bb, en el marco del convenio de la Comuna de Y\u00e1nima y la UEL. Investigadores y becarios de la UEL visitaron Batiruana y compartieron con chicos de escuelas locales [&hellip;]<\/p>\n","protected":false},"author":1,"featured_media":0,"parent":0,"menu_order":0,"comment_status":"closed","ping_status":"closed","template":"","meta":[],"aioseo_notices":[],"_links":{"self":[{"href":"http:\/\/lillo.org.ar\/uel\/wp-json\/wp\/v2\/pages\/66"}],"collection":[{"href":"http:\/\/lillo.org.ar\/uel\/wp-json\/wp\/v2\/pages"}],"about":[{"href":"http:\/\/lillo.org.ar\/uel\/wp-json\/wp\/v2\/types\/page"}],"author":[{"embeddable":true,"href":"http:\/\/lillo.org.ar\/uel\/wp-json\/wp\/v2\/users\/1"}],"replies":[{"embeddable":true,"href":"http:\/\/lillo.org.ar\/uel\/wp-json\/wp\/v2\/comments?post=66"}],"version-history":[{"count":9,"href":"http:\/\/lillo.org.ar\/uel\/wp-json\/wp\/v2\/pages\/66\/revisions"}],"predecessor-version":[{"id":725,"href":"http:\/\/lillo.org.ar\/uel\/wp-json\/wp\/v2\/pages\/66\/revisions\/725"}],"wp:attachment":[{"href":"http:\/\/lillo.org.ar\/uel\/wp-json\/wp\/v2\/media?parent=66"}],"curies":[{"name":"wp","href":"https:\/\/api.w.org\/{rel}","templated":true}]}}