{"id":46,"date":"2016-12-17T04:33:01","date_gmt":"2016-12-17T04:33:01","guid":{"rendered":"http:\/\/127.0.0.1:90\/uel\/?page_id=46"},"modified":"2017-08-07T18:41:37","modified_gmt":"2017-08-07T21:41:37","slug":"laboratorio-herpetologia","status":"publish","type":"page","link":"http:\/\/lillo.org.ar\/uel\/laboratorio-herpetologia\/","title":{"rendered":"Laboratorio de Herpetolog\u00eda"},"content":{"rendered":"<p>El contenido de esta p\u00e1gina se encuentra en preparaci\u00f3n.<\/p>\n","protected":false},"excerpt":{"rendered":"<p>El contenido de esta p\u00e1gina se encuentra en preparaci\u00f3n.<\/p>\n","protected":false},"author":1,"featured_media":0,"parent":0,"menu_order":0,"comment_status":"closed","ping_status":"closed","template":"","meta":[],"aioseo_notices":[],"_links":{"self":[{"href":"http:\/\/lillo.org.ar\/uel\/wp-json\/wp\/v2\/pages\/46"}],"collection":[{"href":"http:\/\/lillo.org.ar\/uel\/wp-json\/wp\/v2\/pages"}],"about":[{"href":"http:\/\/lillo.org.ar\/uel\/wp-json\/wp\/v2\/types\/page"}],"author":[{"embeddable":true,"href":"http:\/\/lillo.org.ar\/uel\/wp-json\/wp\/v2\/users\/1"}],"replies":[{"embeddable":true,"href":"http:\/\/lillo.org.ar\/uel\/wp-json\/wp\/v2\/comments?post=46"}],"version-history":[{"count":3,"href":"http:\/\/lillo.org.ar\/uel\/wp-json\/wp\/v2\/pages\/46\/revisions"}],"predecessor-version":[{"id":437,"href":"http:\/\/lillo.org.ar\/uel\/wp-json\/wp\/v2\/pages\/46\/revisions\/437"}],"wp:attachment":[{"href":"http:\/\/lillo.org.ar\/uel\/wp-json\/wp\/v2\/media?parent=46"}],"curies":[{"name":"wp","href":"https:\/\/api.w.org\/{rel}","templated":true}]}}