{"id":1516,"date":"2023-08-23T18:23:44","date_gmt":"2023-08-23T21:23:44","guid":{"rendered":"http:\/\/lillo.org.ar\/uel\/\/?page_id=1516"},"modified":"2025-10-27T19:09:50","modified_gmt":"2025-10-27T22:09:50","slug":"ornitologia","status":"publish","type":"page","link":"http:\/\/lillo.org.ar\/uel\/ornitologia\/","title":{"rendered":"Ornitolog\u00eda"},"content":{"rendered":"<div id='gallery-1' class='gallery galleryid-1516 gallery-columns-3 gallery-size-thumbnail'><figure class='gallery-item'>\n\t\t\t<div class='gallery-icon landscape'>\n\t\t\t\t<a href='http:\/\/lillo.org.ar\/uel\/ornitologia\/kiwi\/'><img width=\"150\" height=\"150\" src=\"http:\/\/lillo.org.ar\/uel\/wp-content\/uploads\/kiwi-150x150.jpeg\" class=\"attachment-thumbnail size-thumbnail\" alt=\"\" loading=\"lazy\" \/><\/a>\n\t\t\t<\/div><\/figure><figure class='gallery-item'>\n\t\t\t<div class='gallery-icon landscape'>\n\t\t\t\t<a href='http:\/\/lillo.org.ar\/uel\/ornitologia\/emu\/'><img width=\"150\" height=\"150\" src=\"http:\/\/lillo.org.ar\/uel\/wp-content\/uploads\/emu-150x150.jpeg\" class=\"attachment-thumbnail size-thumbnail\" alt=\"\" loading=\"lazy\" \/><\/a>\n\t\t\t<\/div><\/figure><figure class='gallery-item'>\n\t\t\t<div class='gallery-icon landscape'>\n\t\t\t\t<a href='http:\/\/lillo.org.ar\/uel\/ornitologia\/avestruz\/'><img width=\"150\" height=\"150\" src=\"http:\/\/lillo.org.ar\/uel\/wp-content\/uploads\/avestruz-150x150.jpeg\" class=\"attachment-thumbnail size-thumbnail\" alt=\"\" loading=\"lazy\" \/><\/a>\n\t\t\t<\/div><\/figure>\n\t\t<\/div>\n\n<p align=\"justify\">La l\u00ednea de investigaci\u00f3n del Area de Ornitolog\u00eda de la Unidad Ejecutora Lillo es la evoluci\u00f3n y biogeograf\u00eda de aves, es decir, investigar sobre la evoluci\u00f3n de las aves incluyendo taxas actuales y f\u00f3siles y analizar su historia biogeografica, siendo uno de los pocos grupos de investigaci\u00f3n en ornitolog\u00eda del pa\u00eds que engloban este tipo de tem\u00e1ticas. El grupo de investigaci\u00f3n en Ornitolog\u00eda de la UEL se encuentra actualmente integrado por la Dra. Sara Bertelli (Investigadora Adjunta), y les becarios doctorales: Lic. Macarena Moreno Ruiz Holgado (CONICET), Lic. Jaime Morales (FONCyT), la Lic. Gabriela Dantur (FONCyT), y el CPA Baltazar Bougeu (part time con Area Ictiolog\u00eda).<\/p>\n<p align=\"justify\">La Lic. Macarena Moreno Ruiz Holgado se encuentra trabajando en su proyecto de tesis sobre filogenia molecular (ADN de genes mitocondriales y nucleares) de Tinamidae, grupo inclu\u00eddo dentro del clado Palaeognathae (perdices y ratites), grupo hermano de todas las aves actuales y por lo tanto de gran inter\u00e9s desde el punto de vista evolutivo.<\/p>\n<p align=\"justify\">Uno de los eventos m\u00e1s importantes en la evoluci\u00f3n de aves es el recambio faun\u00edstico durante la transici\u00f3n Cret\u00e1cico-Pale\u00f3geno, que resulto en la radiaci\u00f3n adaptativa de los grupos de aves actuales y la extinci\u00f3n en masa de muchos linajes en el Cret\u00e1cico Tard\u00edo. Este es el tema de investigaci\u00f3n del Lic. Morales, quien se encuentra desarrollando su tesis doctoral sobre las aves Cret\u00e1cicas Enantiornithes de Argentina.<\/p>\n<p align=\"justify\">Finalmente, la Lic. Dantur ha comenzado recientemente su tesis doctoral sobre la biogeograf\u00eda de las aves paleognatas, incluyendo taxas actuales y f\u00f3siles, utilizando m\u00e9todos con una mayor resoluci\u00f3n temporal y espacial que estudios previos.<\/p>\n<p align=\"justify\">\n<h3>Investigadores:<\/h3>\n<table class= 'bibliplug-authors'><tr><td><a href='http:\/\/lillo.org.ar\/uel\/author\/sara-bertelli\/'><img alt='Sara Bertelli' src='http:\/\/lillo.org.ar\/uel\/wp-content\/uploads\/sara-bertelli_avatar_1508342525-120x120.jpg' class='avatar avatar-120 photo' height='120' width='120' \/><\/a><\/td><td><strong><a href='http:\/\/lillo.org.ar\/uel\/author\/sara-bertelli\/'>Sara Bertelli<\/strong><\/a><br\/>Investigadora Adjunta \r<br\/>CONICET\r<br\/>Ornitolog\u00eda<\/td><tr><\/table>\n<h3>Becarios Doctorales:<\/h3>\n<table class= 'bibliplug-authors'><tr><td><a href='http:\/\/lillo.org.ar\/uel\/author\/gabydanlo1991gmail-com\/'><img alt='Ana Dantur' src='http:\/\/lillo.org.ar\/uel\/wp-content\/uploads\/gabriela-120x120.jpeg' class='avatar avatar-120 photo' height='120' width='120' \/><\/a><\/td><td><strong><a href='http:\/\/lillo.org.ar\/uel\/author\/gabydanlo1991gmail-com\/'>Ana Gabriela Dantur<\/strong><\/a><br\/>Becaria doctoral\r<br\/>CONICET<\/td><tr><\/table>\n<h3>Personal de Apoyo:<\/h3>\n<table class= 'bibliplug-authors'><tr><td><a href='http:\/\/lillo.org.ar\/uel\/author\/alejandra-molina\/'><img alt='Mar\u00eda Alejandra Molina' src='http:\/\/lillo.org.ar\/uel\/wp-content\/uploads\/alejandra-molina_avatar_1566576070-120x120.jpg' class='avatar avatar-120 photo' height='120' width='120' \/><\/a><\/td><td><strong><a href='http:\/\/lillo.org.ar\/uel\/author\/alejandra-molina\/'>Mar\u00eda Alejandra Molina<\/strong><\/a><br\/>CPA Profesional Adjunto\r<br\/>\u00c1rea de Ornitolog\u00eda\r<br\/>\r<br\/><\/td><tr><\/table>\n","protected":false},"excerpt":{"rendered":"<p>La l\u00ednea de investigaci\u00f3n del Area de Ornitolog\u00eda de la Unidad Ejecutora Lillo es la evoluci\u00f3n y biogeograf\u00eda de aves, es decir, investigar sobre la evoluci\u00f3n de las aves incluyendo taxas actuales y f\u00f3siles y analizar su historia biogeografica, siendo uno de los pocos grupos de investigaci\u00f3n en ornitolog\u00eda del pa\u00eds que engloban este tipo [&hellip;]<\/p>\n","protected":false},"author":66,"featured_media":0,"parent":0,"menu_order":0,"comment_status":"closed","ping_status":"closed","template":"","meta":[],"aioseo_notices":[],"_links":{"self":[{"href":"http:\/\/lillo.org.ar\/uel\/wp-json\/wp\/v2\/pages\/1516"}],"collection":[{"href":"http:\/\/lillo.org.ar\/uel\/wp-json\/wp\/v2\/pages"}],"about":[{"href":"http:\/\/lillo.org.ar\/uel\/wp-json\/wp\/v2\/types\/page"}],"author":[{"embeddable":true,"href":"http:\/\/lillo.org.ar\/uel\/wp-json\/wp\/v2\/users\/66"}],"replies":[{"embeddable":true,"href":"http:\/\/lillo.org.ar\/uel\/wp-json\/wp\/v2\/comments?post=1516"}],"version-history":[{"count":16,"href":"http:\/\/lillo.org.ar\/uel\/wp-json\/wp\/v2\/pages\/1516\/revisions"}],"predecessor-version":[{"id":2100,"href":"http:\/\/lillo.org.ar\/uel\/wp-json\/wp\/v2\/pages\/1516\/revisions\/2100"}],"wp:attachment":[{"href":"http:\/\/lillo.org.ar\/uel\/wp-json\/wp\/v2\/media?parent=1516"}],"curies":[{"name":"wp","href":"https:\/\/api.w.org\/{rel}","templated":true}]}}