{"id":1296,"date":"2022-07-28T11:27:30","date_gmt":"2022-07-28T14:27:30","guid":{"rendered":"http:\/\/lillo.org.ar\/uel\/\/?page_id=1296"},"modified":"2023-11-09T12:35:43","modified_gmt":"2023-11-09T15:35:43","slug":"estacion-biologica-batiruana-objetivos","status":"publish","type":"page","link":"http:\/\/lillo.org.ar\/uel\/estacion-biologica-batiruana-objetivos\/","title":{"rendered":"Estaci\u00f3n Biol\u00f3gica Batiruana. Objetivos."},"content":{"rendered":"<div id='gallery-1' class='gallery galleryid-1296 gallery-columns-3 gallery-size-thumbnail'><figure class='gallery-item'>\n\t\t\t<div class='gallery-icon landscape'>\n\t\t\t\t<a href='http:\/\/lillo.org.ar\/uel\/estacion-biologica-batiruana-objetivos\/estacionwork4\/'><img width=\"150\" height=\"150\" src=\"http:\/\/lillo.org.ar\/uel\/wp-content\/uploads\/estacionwork4-150x150.jpg\" class=\"attachment-thumbnail size-thumbnail\" alt=\"\" loading=\"lazy\" \/><\/a>\n\t\t\t<\/div><\/figure><figure class='gallery-item'>\n\t\t\t<div class='gallery-icon landscape'>\n\t\t\t\t<a href='http:\/\/lillo.org.ar\/uel\/estacion-biologica-batiruana-objetivos\/estacionwork2\/'><img width=\"150\" height=\"150\" src=\"http:\/\/lillo.org.ar\/uel\/wp-content\/uploads\/estacionwork2-150x150.jpg\" class=\"attachment-thumbnail size-thumbnail\" alt=\"\" loading=\"lazy\" \/><\/a>\n\t\t\t<\/div><\/figure><figure class='gallery-item'>\n\t\t\t<div class='gallery-icon landscape'>\n\t\t\t\t<a href='http:\/\/lillo.org.ar\/uel\/estacion-biologica-batiruana-objetivos\/estacionwork3\/'><img width=\"150\" height=\"150\" src=\"http:\/\/lillo.org.ar\/uel\/wp-content\/uploads\/estacionwork3-150x150.jpg\" class=\"attachment-thumbnail size-thumbnail\" alt=\"\" loading=\"lazy\" \/><\/a>\n\t\t\t<\/div><\/figure><figure class='gallery-item'>\n\t\t\t<div class='gallery-icon landscape'>\n\t\t\t\t<a href='http:\/\/lillo.org.ar\/uel\/estacion-biologica-batiruana-objetivos\/estacionwork1\/'><img width=\"150\" height=\"150\" src=\"http:\/\/lillo.org.ar\/uel\/wp-content\/uploads\/estacionwork1-150x150.jpg\" class=\"attachment-thumbnail size-thumbnail\" alt=\"\" loading=\"lazy\" \/><\/a>\n\t\t\t<\/div><\/figure>\n\t\t<\/div>\n\n<h1>Objetivo General<\/h1>\n<h6>Constituir un espacio f\u00edsico adecuado para el desarrollo de proyectos de:<\/h6>\n<p>&nbsp;<\/p>\n<ol>\n<li>investigaci\u00f3n enfocados en la biodiversidad del lugar.<\/li>\n<li>transferencia del conocimiento generado y<\/li>\n<li>ense\u00f1anza de temas relacionados a las ciencias naturales.<\/li>\n<\/ol>\n<p>&nbsp;<\/p>\n<h1>Objetivos Espec\u00edficos<\/h1>\n<ol>\n<li>\n<p align=\"justify\">Que la Estaci\u00f3n Biol\u00f3gica brinde las facilidades log\u00edsticas para el desarrollo de tareas de investigaci\u00f3n de la diversidad biol\u00f3gica, tanto para investigadores de la UEL como para investigadores provenientes de otras instituciones, alumnos doctorales y tesistas de grado.<\/p>\n<\/li>\n<li>\n<p align=\"justify\">Que la Estaci\u00f3n funcione como un centro de monitoreo de permanente de la biodiversidad.<\/p>\n<\/li>\n<li>\n<p align=\"justify\">Que la informaci\u00f3n generada por los investigadores, t\u00e9cnicos y estudiantes durante las actividades desarrolladas en la Estaci\u00f3n, lleguen a las comunidades locales a trav\u00e9s de actividades de transferencia para reforzar el sentido de identidad y pertenencia de las mismas para con el medio que los rodea.<\/p>\n<\/li>\n<li>\n<p align=\"justify\">Que los conocimientos cient\u00edficos sumados a sentimientos de identidad, pertenencia y empat\u00eda se constituyan en una herramienta fundamental y efectiva para la conservaci\u00f3n de la biodiversidad.<\/p>\n<\/li>\n<li>\n<p align=\"justify\">Que los habitantes de la zona participen en tareas relacionadas con la Estaci\u00f3n Biol\u00f3gica y se involucren continuamente en sus objetivos.<\/p>\n<\/li>\n<\/ol>\n<div id='gallery-2' class='gallery galleryid-1296 gallery-columns-3 gallery-size-thumbnail'><figure class='gallery-item'>\n\t\t\t<div class='gallery-icon landscape'>\n\t\t\t\t<a href='http:\/\/lillo.org.ar\/uel\/estacion-biologica-batiruana-objetivos\/estacionorilla\/'><img width=\"150\" height=\"150\" src=\"http:\/\/lillo.org.ar\/uel\/wp-content\/uploads\/estacionorilla-150x150.jpg\" class=\"attachment-thumbnail size-thumbnail\" alt=\"\" loading=\"lazy\" \/><\/a>\n\t\t\t<\/div><\/figure><figure class='gallery-item'>\n\t\t\t<div class='gallery-icon landscape'>\n\t\t\t\t<a href='http:\/\/lillo.org.ar\/uel\/estacion-biologica-batiruana-objetivos\/estacionsex\/'><img width=\"150\" height=\"150\" src=\"http:\/\/lillo.org.ar\/uel\/wp-content\/uploads\/estacionsex-e1765290123387-150x150.jpg\" class=\"attachment-thumbnail size-thumbnail\" alt=\"\" loading=\"lazy\" \/><\/a>\n\t\t\t<\/div><\/figure><figure class='gallery-item'>\n\t\t\t<div class='gallery-icon landscape'>\n\t\t\t\t<a href='http:\/\/lillo.org.ar\/uel\/estacion-biologica-batiruana-objetivos\/estacioncerro\/'><img width=\"150\" height=\"150\" src=\"http:\/\/lillo.org.ar\/uel\/wp-content\/uploads\/estacioncerro-150x150.jpg\" class=\"attachment-thumbnail size-thumbnail\" alt=\"\" loading=\"lazy\" \/><\/a>\n\t\t\t<\/div><\/figure>\n\t\t<\/div>\n\n<h4>Contacto:<\/h4>\n<p><a href=\"mailto:ebb_uel@conicet.gov.ar\">ebb_uel@conicet.gov.ar<\/a><\/p>\n<h3>Responsable t\u00e9cnico:<\/h3>\n<table class= 'bibliplug-authors'><tr><td><a href='http:\/\/lillo.org.ar\/uel\/author\/rodrigoaraoz83gmail-com\/'><img alt='Rodrigo Araoz' src='http:\/\/lillo.org.ar\/uel\/wp-content\/uploads\/rodrigoaraoz-120x120.jpg' class='avatar avatar-120 photo' height='120' width='120' \/><\/a><\/td><td><strong><a href='http:\/\/lillo.org.ar\/uel\/author\/rodrigoaraoz83gmail-com\/'>Rodrigo Araoz<\/strong><\/a><br\/>CPA Profesional Asistente\r<br\/>Proyectos cient\u00edficos y de divulgaci\u00f3n \r<br\/>Estaci\u00f3n Biol\u00f3gica Batiruana<\/td><tr><\/table>\n","protected":false},"excerpt":{"rendered":"<p>Objetivo General Constituir un espacio f\u00edsico adecuado para el desarrollo de proyectos de: &nbsp; investigaci\u00f3n enfocados en la biodiversidad del lugar. transferencia del conocimiento generado y ense\u00f1anza de temas relacionados a las ciencias naturales. &nbsp; Objetivos Espec\u00edficos Que la Estaci\u00f3n Biol\u00f3gica brinde las facilidades log\u00edsticas para el desarrollo de tareas de investigaci\u00f3n de la diversidad [&hellip;]<\/p>\n","protected":false},"author":66,"featured_media":0,"parent":0,"menu_order":0,"comment_status":"closed","ping_status":"closed","template":"","meta":[],"aioseo_notices":[],"_links":{"self":[{"href":"http:\/\/lillo.org.ar\/uel\/wp-json\/wp\/v2\/pages\/1296"}],"collection":[{"href":"http:\/\/lillo.org.ar\/uel\/wp-json\/wp\/v2\/pages"}],"about":[{"href":"http:\/\/lillo.org.ar\/uel\/wp-json\/wp\/v2\/types\/page"}],"author":[{"embeddable":true,"href":"http:\/\/lillo.org.ar\/uel\/wp-json\/wp\/v2\/users\/66"}],"replies":[{"embeddable":true,"href":"http:\/\/lillo.org.ar\/uel\/wp-json\/wp\/v2\/comments?post=1296"}],"version-history":[{"count":26,"href":"http:\/\/lillo.org.ar\/uel\/wp-json\/wp\/v2\/pages\/1296\/revisions"}],"predecessor-version":[{"id":1841,"href":"http:\/\/lillo.org.ar\/uel\/wp-json\/wp\/v2\/pages\/1296\/revisions\/1841"}],"wp:attachment":[{"href":"http:\/\/lillo.org.ar\/uel\/wp-json\/wp\/v2\/media?parent=1296"}],"curies":[{"name":"wp","href":"https:\/\/api.w.org\/{rel}","templated":true}]}}