{"id":1292,"date":"2022-07-28T11:26:45","date_gmt":"2022-07-28T14:26:45","guid":{"rendered":"http:\/\/lillo.org.ar\/uel\/\/?page_id=1292"},"modified":"2025-08-26T18:14:22","modified_gmt":"2025-08-26T21:14:22","slug":"estacion-biologica-batiruana-como-llegar","status":"publish","type":"page","link":"http:\/\/lillo.org.ar\/uel\/estacion-biologica-batiruana-como-llegar\/","title":{"rendered":"Estaci\u00f3n Biol\u00f3gica Batiruana. C\u00f3mo llegar."},"content":{"rendered":"<p align=\"justify\">Villa Batiruana es un paraje selv\u00e1tico situado en los faldeos serranos del sudoeste de la provincia de Tucum\u00e1n perteneciente al Departamento La Cocha, con jurisdicci\u00f3n en la comuna de Y\u00e1nima-El Corralito.<\/p>\n<p align=\"justify\">La Villa fue creada a fines de los a\u00f1os 40 para alojar a los m\u00e1s de 1200 trabajadores involucrados en la construcci\u00f3n del Dique Escaba, Dique compensador del 25 y la Usina Hidroel\u00e9ctrica (obras de enorme importancia regional), la villa contaba con numerosas viviendas, campamento, una escuela, enfermer\u00eda, una capilla, una sala de cine, canchas de f\u00fatbol y b\u00e1squet y el taller industrial (aserradero, carpinter\u00eda, herrer\u00eda, taller metal\u00fargico y usina hidroel\u00e9ctrica a\u00fan en funciones). Una vez finalizadas las obras, la villa fue abandonada y muchos a\u00f1os despu\u00e9s por iniciativa de la Comuna de Y\u00e1nima con el apoyo del Ente Tucum\u00e1n Turismo y un grupo de emprendedores el lugar volvi\u00f3 a renacer.<\/p>\n<p align=\"justify\">Para llegar a este lugar desde San Miguel de Tucum\u00e1n, primero hay que dirigirse hacia el sur por la ruta nacional 38 hacia Juan Bautista Alberdi, ubicada a 102 km de la ciudad capital, desde all\u00ed se toma la ruta provincial 308 en direcci\u00f3n a Sierras del Aconquija y luego de unos 16 km. de recorrido se llega a Batiruana. El lugar consiste en un valle profundo bordeado por el curso medio del r\u00edo Marapa rodeado de abundante vegetaci\u00f3n y paisajes pintorescos.<\/p>\n<p>\u00a0 \u00a0 \u00a0 \u00a0 \u00a0 \u00a0 \u00a0 \u00a0 \u00a0 \u00a0 \u00a0 \u00a0 \u00a0 \u00a0 <iframe width=\"600\" height=\"450\" style=\"border: 0;\" src=\"https:\/\/www.google.com\/maps\/embed?pb=!1m17!1m12!1m3!1d26383.085240089396!2d-65.73832954499306!3d-27.63730363042138!2m3!1f0!2f0!3f0!3m2!1i1024!2i768!4f13.1!3m2!1m1!2zMjfCsDM4JzE1LjUiUyA2NcKwNDQnNDMuMiJX!5e0!3m2!1ses!2sar!4v1693414242174!5m2!1ses!2sar\" allowfullscreen=\"allowfullscreen\" loading=\"lazy\" referrerpolicy=\"no-referrer-when-downgrade\"><\/iframe><\/p>\n<h4>Contacto:<\/h4>\n<p><a href=\"mailto:ebb_uel@conicet.gov.ar\">ebb_uel@conicet.gov.ar<\/a><\/p>\n","protected":false},"excerpt":{"rendered":"<p>Villa Batiruana es un paraje selv\u00e1tico situado en los faldeos serranos del sudoeste de la provincia de Tucum\u00e1n perteneciente al Departamento La Cocha, con jurisdicci\u00f3n en la comuna de Y\u00e1nima-El Corralito. La Villa fue creada a fines de los a\u00f1os 40 para alojar a los m\u00e1s de 1200 trabajadores involucrados en la construcci\u00f3n del Dique [&hellip;]<\/p>\n","protected":false},"author":66,"featured_media":0,"parent":0,"menu_order":0,"comment_status":"closed","ping_status":"closed","template":"","meta":[],"aioseo_notices":[],"_links":{"self":[{"href":"http:\/\/lillo.org.ar\/uel\/wp-json\/wp\/v2\/pages\/1292"}],"collection":[{"href":"http:\/\/lillo.org.ar\/uel\/wp-json\/wp\/v2\/pages"}],"about":[{"href":"http:\/\/lillo.org.ar\/uel\/wp-json\/wp\/v2\/types\/page"}],"author":[{"embeddable":true,"href":"http:\/\/lillo.org.ar\/uel\/wp-json\/wp\/v2\/users\/66"}],"replies":[{"embeddable":true,"href":"http:\/\/lillo.org.ar\/uel\/wp-json\/wp\/v2\/comments?post=1292"}],"version-history":[{"count":10,"href":"http:\/\/lillo.org.ar\/uel\/wp-json\/wp\/v2\/pages\/1292\/revisions"}],"predecessor-version":[{"id":1983,"href":"http:\/\/lillo.org.ar\/uel\/wp-json\/wp\/v2\/pages\/1292\/revisions\/1983"}],"wp:attachment":[{"href":"http:\/\/lillo.org.ar\/uel\/wp-json\/wp\/v2\/media?parent=1292"}],"curies":[{"name":"wp","href":"https:\/\/api.w.org\/{rel}","templated":true}]}}