{"id":1286,"date":"2022-07-28T11:26:21","date_gmt":"2022-07-28T14:26:21","guid":{"rendered":"http:\/\/lillo.org.ar\/uel\/\/?page_id=1286"},"modified":"2024-11-22T11:29:37","modified_gmt":"2024-11-22T14:29:37","slug":"estacion-biologica-batiruana-que-es","status":"publish","type":"page","link":"http:\/\/lillo.org.ar\/uel\/estacion-biologica-batiruana-que-es\/","title":{"rendered":"Estaci\u00f3n Biol\u00f3gica Batiruana. Qu\u00e9 es."},"content":{"rendered":"<p><img loading=\"lazy\" src=\"http:\/\/lillo.org.ar\/uel\/wp-content\/uploads\/logo-color-estacion-biologica-400x389.jpg\" alt=\"\" width=\"319\" height=\"310\" class=\" wp-image-1844 aligncenter\" srcset=\"http:\/\/lillo.org.ar\/uel\/wp-content\/uploads\/logo-color-estacion-biologica-400x389.jpg 400w, http:\/\/lillo.org.ar\/uel\/wp-content\/uploads\/logo-color-estacion-biologica-760x739.jpg 760w, http:\/\/lillo.org.ar\/uel\/wp-content\/uploads\/logo-color-estacion-biologica-768x747.jpg 768w, http:\/\/lillo.org.ar\/uel\/wp-content\/uploads\/logo-color-estacion-biologica.jpg 925w\" sizes=\"(max-width: 319px) 100vw, 319px\" \/><\/p>\n<div id='gallery-1' class='gallery galleryid-1286 gallery-columns-3 gallery-size-thumbnail'><figure class='gallery-item'>\n\t\t\t<div class='gallery-icon landscape'>\n\t\t\t\t<a href='http:\/\/lillo.org.ar\/uel\/estacion-biologica-batiruana-que-es\/estacioninsec11\/'><img width=\"150\" height=\"150\" src=\"http:\/\/lillo.org.ar\/uel\/wp-content\/uploads\/estacioninsec11-150x150.jpg\" class=\"attachment-thumbnail size-thumbnail\" alt=\"\" loading=\"lazy\" \/><\/a>\n\t\t\t<\/div><\/figure><figure class='gallery-item'>\n\t\t\t<div class='gallery-icon landscape'>\n\t\t\t\t<a href='http:\/\/lillo.org.ar\/uel\/estacion-biologica-batiruana-que-es\/estacioninsec12\/'><img width=\"150\" height=\"150\" src=\"http:\/\/lillo.org.ar\/uel\/wp-content\/uploads\/estacioninsec12-150x150.jpg\" class=\"attachment-thumbnail size-thumbnail\" alt=\"\" loading=\"lazy\" \/><\/a>\n\t\t\t<\/div><\/figure><figure class='gallery-item'>\n\t\t\t<div class='gallery-icon landscape'>\n\t\t\t\t<a href='http:\/\/lillo.org.ar\/uel\/estacion-biologica-batiruana-que-es\/estacioninsec10\/'><img width=\"150\" height=\"150\" src=\"http:\/\/lillo.org.ar\/uel\/wp-content\/uploads\/estacioninsec10-150x150.jpg\" class=\"attachment-thumbnail size-thumbnail\" alt=\"\" loading=\"lazy\" \/><\/a>\n\t\t\t<\/div><\/figure><figure class='gallery-item'>\n\t\t\t<div class='gallery-icon landscape'>\n\t\t\t\t<a href='http:\/\/lillo.org.ar\/uel\/estacion-biologica-batiruana-que-es\/estacioninsec14\/'><img width=\"150\" height=\"150\" src=\"http:\/\/lillo.org.ar\/uel\/wp-content\/uploads\/estacioninsec14-150x150.jpg\" class=\"attachment-thumbnail size-thumbnail\" alt=\"\" loading=\"lazy\" \/><\/a>\n\t\t\t<\/div><\/figure><figure class='gallery-item'>\n\t\t\t<div class='gallery-icon landscape'>\n\t\t\t\t<a href='http:\/\/lillo.org.ar\/uel\/estacion-biologica-batiruana-que-es\/estacioninsec13\/'><img width=\"150\" height=\"150\" src=\"http:\/\/lillo.org.ar\/uel\/wp-content\/uploads\/estacioninsec13-150x150.jpg\" class=\"attachment-thumbnail size-thumbnail\" alt=\"\" loading=\"lazy\" \/><\/a>\n\t\t\t<\/div><\/figure><figure class='gallery-item'>\n\t\t\t<div class='gallery-icon landscape'>\n\t\t\t\t<a href='http:\/\/lillo.org.ar\/uel\/estacion-biologica-batiruana-que-es\/estaciongarzamora\/'><img width=\"150\" height=\"150\" src=\"http:\/\/lillo.org.ar\/uel\/wp-content\/uploads\/estaciongarzamora-150x150.jpg\" class=\"attachment-thumbnail size-thumbnail\" alt=\"\" loading=\"lazy\" srcset=\"http:\/\/lillo.org.ar\/uel\/wp-content\/uploads\/estaciongarzamora-150x150.jpg 150w, http:\/\/lillo.org.ar\/uel\/wp-content\/uploads\/estaciongarzamora-400x400.jpg 400w, http:\/\/lillo.org.ar\/uel\/wp-content\/uploads\/estaciongarzamora.jpg 657w\" sizes=\"(max-width: 150px) 100vw, 150px\" \/><\/a>\n\t\t\t<\/div><\/figure><figure class='gallery-item'>\n\t\t\t<div class='gallery-icon landscape'>\n\t\t\t\t<a href='http:\/\/lillo.org.ar\/uel\/estacion-biologica-batiruana-que-es\/estacionsapopapada\/'><img width=\"150\" height=\"150\" src=\"http:\/\/lillo.org.ar\/uel\/wp-content\/uploads\/estacionsapopapada-150x150.jpg\" class=\"attachment-thumbnail size-thumbnail\" alt=\"\" loading=\"lazy\" \/><\/a>\n\t\t\t<\/div><\/figure>\n\t\t<\/div>\n\n<p align=\"justify\">A pesar de la proximidad de la capital de Tucum\u00e1n con la zona sur de la provincia, en t\u00e9rminos generales la diversidad biol\u00f3gica de esa regi\u00f3n ha sido poco explorada en los \u00faltimos 30 a\u00f1os. En funci\u00f3n de esta realidad, nace la idea de la instalaci\u00f3n de una estaci\u00f3n biol\u00f3gica en el sur de la provincia, la cual toma fuerza en 2016. La Estaci\u00f3n surge no s\u00f3lo como una soluci\u00f3n log\u00edstica para investigadores y becarios sino tambi\u00e9n para brindar la posibilidad de organizar proyectos en com\u00fan a todos, como el estudio de la biodiversidad y otras tem\u00e1ticas relacionadas con el ambiente. Esto permite que las investigaciones no s\u00f3lo sean m\u00e1s f\u00e1ciles de desarrollar por la comunidad cient\u00edfica sino que facilita el contacto continuo y estrecho con los pobladores de la zona que, seg\u00fan otras experiencias previas, originan un enriquecimiento mutuo de saberes. Estos conocimientos son importantes para el desarrollo de proyectos a mediano y largo plazo basados en el inter\u00e9s, conocimiento y cuidado de la flora y fauna local, componente fundamental de la identidad de la comuna.<\/p>\n<p align=\"justify\">En 2018 se consigui\u00f3 el edificio fundamental para la materializaci\u00f3n de esta idea y a partir de ah\u00ed se realizaron los primeros informes de fauna y flora, carteler\u00eda y folleter\u00eda informativa, el desarrollo de cursos de posgrado y actividades con las escuelas, entre otros logros.<\/p>\n<div id='gallery-2' class='gallery galleryid-1286 gallery-columns-3 gallery-size-thumbnail'><figure class='gallery-item'>\n\t\t\t<div class='gallery-icon portrait'>\n\t\t\t\t<a href='http:\/\/lillo.org.ar\/uel\/estacion-biologica-batiruana-que-es\/estacioncarteluel\/'><img width=\"150\" height=\"150\" src=\"http:\/\/lillo.org.ar\/uel\/wp-content\/uploads\/estacioncarteluel-150x150.jpg\" class=\"attachment-thumbnail size-thumbnail\" alt=\"\" loading=\"lazy\" \/><\/a>\n\t\t\t<\/div><\/figure><figure class='gallery-item'>\n\t\t\t<div class='gallery-icon landscape'>\n\t\t\t\t<a href='http:\/\/lillo.org.ar\/uel\/estacion-biologica-batiruana-que-es\/estacionfachada\/'><img width=\"150\" height=\"150\" src=\"http:\/\/lillo.org.ar\/uel\/wp-content\/uploads\/estacionfachada-150x150.jpg\" class=\"attachment-thumbnail size-thumbnail\" alt=\"\" loading=\"lazy\" \/><\/a>\n\t\t\t<\/div><\/figure><figure class='gallery-item'>\n\t\t\t<div class='gallery-icon portrait'>\n\t\t\t\t<a href='http:\/\/lillo.org.ar\/uel\/estacion-biologica-batiruana-que-es\/estacionarbolconfruto\/'><img width=\"150\" height=\"150\" src=\"http:\/\/lillo.org.ar\/uel\/wp-content\/uploads\/estacionarbolconfruto-150x150.jpg\" class=\"attachment-thumbnail size-thumbnail\" alt=\"\" loading=\"lazy\" \/><\/a>\n\t\t\t<\/div><\/figure><figure class='gallery-item'>\n\t\t\t<div class='gallery-icon landscape'>\n\t\t\t\t<a href='http:\/\/lillo.org.ar\/uel\/estacion-biologica-batiruana-que-es\/estacionarboles\/'><img width=\"150\" height=\"150\" src=\"http:\/\/lillo.org.ar\/uel\/wp-content\/uploads\/estacionarboles-150x150.jpg\" class=\"attachment-thumbnail size-thumbnail\" alt=\"\" loading=\"lazy\" \/><\/a>\n\t\t\t<\/div><\/figure><figure class='gallery-item'>\n\t\t\t<div class='gallery-icon landscape'>\n\t\t\t\t<a href='http:\/\/lillo.org.ar\/uel\/estacion-biologica-batiruana-que-es\/614af09b-3058-4b05-92f5-89f17a5792a2-3\/'><img width=\"150\" height=\"150\" src=\"http:\/\/lillo.org.ar\/uel\/wp-content\/uploads\/614af09b-3058-4b05-92f5-89f17a5792a2-2-150x150.jpg\" class=\"attachment-thumbnail size-thumbnail\" alt=\"\" loading=\"lazy\" \/><\/a>\n\t\t\t<\/div><\/figure><figure class='gallery-item'>\n\t\t\t<div class='gallery-icon landscape'>\n\t\t\t\t<a href='http:\/\/lillo.org.ar\/uel\/estacion-biologica-batiruana-que-es\/58ef1cb2-4fc4-4b1f-8b8d-5f078123f225-3\/'><img width=\"150\" height=\"150\" src=\"http:\/\/lillo.org.ar\/uel\/wp-content\/uploads\/58ef1cb2-4fc4-4b1f-8b8d-5f078123f225-2-150x150.jpg\" class=\"attachment-thumbnail size-thumbnail\" alt=\"\" loading=\"lazy\" \/><\/a>\n\t\t\t<\/div><\/figure>\n\t\t<\/div>\n\n<h4>Contacto:<\/h4>\n<p><a href=\"mailto:ebb-uel@conicet.gov.ar\">ebb-uel@conicet.gov.ar<\/a><\/p>\n<h3>Responsable t\u00e9cnico:<\/h3>\n<table class= 'bibliplug-authors'><tr><td><a href='http:\/\/lillo.org.ar\/uel\/author\/rodrigoaraoz83gmail-com\/'><img alt='Rodrigo Araoz' src='http:\/\/lillo.org.ar\/uel\/wp-content\/uploads\/rodrigoaraoz-120x120.jpg' class='avatar avatar-120 photo' height='120' width='120' \/><\/a><\/td><td><strong><a href='http:\/\/lillo.org.ar\/uel\/author\/rodrigoaraoz83gmail-com\/'>Rodrigo Araoz<\/strong><\/a><br\/>CPA Profesional Asistente\r<br\/>Proyectos cient\u00edficos y de divulgaci\u00f3n \r<br\/>Estaci\u00f3n Biol\u00f3gica Batiruana<\/td><tr><\/table>\n","protected":false},"excerpt":{"rendered":"<p>A pesar de la proximidad de la capital de Tucum\u00e1n con la zona sur de la provincia, en t\u00e9rminos generales la diversidad biol\u00f3gica de esa regi\u00f3n ha sido poco explorada en los \u00faltimos 30 a\u00f1os. En funci\u00f3n de esta realidad, nace la idea de la instalaci\u00f3n de una estaci\u00f3n biol\u00f3gica en el sur de la [&hellip;]<\/p>\n","protected":false},"author":66,"featured_media":0,"parent":0,"menu_order":0,"comment_status":"closed","ping_status":"closed","template":"","meta":[],"aioseo_notices":[],"_links":{"self":[{"href":"http:\/\/lillo.org.ar\/uel\/wp-json\/wp\/v2\/pages\/1286"}],"collection":[{"href":"http:\/\/lillo.org.ar\/uel\/wp-json\/wp\/v2\/pages"}],"about":[{"href":"http:\/\/lillo.org.ar\/uel\/wp-json\/wp\/v2\/types\/page"}],"author":[{"embeddable":true,"href":"http:\/\/lillo.org.ar\/uel\/wp-json\/wp\/v2\/users\/66"}],"replies":[{"embeddable":true,"href":"http:\/\/lillo.org.ar\/uel\/wp-json\/wp\/v2\/comments?post=1286"}],"version-history":[{"count":16,"href":"http:\/\/lillo.org.ar\/uel\/wp-json\/wp\/v2\/pages\/1286\/revisions"}],"predecessor-version":[{"id":1924,"href":"http:\/\/lillo.org.ar\/uel\/wp-json\/wp\/v2\/pages\/1286\/revisions\/1924"}],"wp:attachment":[{"href":"http:\/\/lillo.org.ar\/uel\/wp-json\/wp\/v2\/media?parent=1286"}],"curies":[{"name":"wp","href":"https:\/\/api.w.org\/{rel}","templated":true}]}}