{"id":1284,"date":"2022-09-01T16:25:09","date_gmt":"2022-09-01T19:25:09","guid":{"rendered":"http:\/\/lillo.org.ar\/uel\/?page_id=1284"},"modified":"2025-12-18T16:42:03","modified_gmt":"2025-12-18T19:42:03","slug":"herpetologia","status":"publish","type":"page","link":"http:\/\/lillo.org.ar\/uel\/herpetologia\/","title":{"rendered":"Herpetolog\u00eda"},"content":{"rendered":"<p align=\"justify\">En el \u00c1rea Herpetolog\u00eda de la UEL actualmente desarrollamos tareas los investigadores: Florencia Vera Candioti, Cristian Abdala, Mar\u00eda Jos\u00e9 Tulli, Sebasti\u00e1n Barrionuevo, Romina Semhan, J\u00e9ssica Fratani, Mar\u00eda Laura Ponssa; tres becarios doctorales: Facundo Deforel, Henrique Silva Guedes Folly, Noelia Garc\u00eda; un becario postdoctoral: Diego Almeida-Silva; y una t\u00e9cnica de la carrera del personal de apoyo: Bel\u00e9n Haad; todos de CONICET. Desarrollamos l\u00edneas de investigaci\u00f3n sobre taxonom\u00eda, filogenia, conservaci\u00f3n, morfolog\u00eda y desarrollo de anfibios y reptiles.<\/p>\n<p align=\"justify\">Particularmente, en el \u00e1rea de sistem\u00e1tica y conservaci\u00f3n, estudiamos a las lagartijas de la familia Liolaemidae y las ranas del g\u00e9nero Telmatobius. Los estudios sistem\u00e1ticos abordan enfoques molecular y morfol\u00f3gico. En el \u00e1rea de anatom\u00eda y desarrollo hacemos \u00e9nfasis en la ontogenia premetam\u00f3rfica (embrionaria y larval) y postmetam\u00f3rfica (juvenil) de anfibios: diversidad morfol\u00f3gica, alom\u00e9trica y variaciones heterocr\u00f3nicas. En anuros estudiamos la relaci\u00f3n entre la forma y la funci\u00f3n (e.g., locomoci\u00f3n) desde una perspectiva biomec\u00e1nica, y la influencia de agentes epigen\u00e9ticos en el desarrollo y performance funcional. Los estudios se realizan a diferentes niveles de an\u00e1lisis (anat\u00f3micos, histol\u00f3gicos y ultraestructural) y en un contexto filogen\u00e9tico. Adem\u00e1s, desarrollamos estudios ecomorfol\u00f3gicos de distintos grupos de especies de vertebrados neotropicales, tales como lagartijas, anuros y mam\u00edferos, enfocados en el sistema m\u00fasculo-esquel\u00e9tico del aparato locomotor y su relaci\u00f3n con el uso del h\u00e1bitat y las diferentes funciones que se cumplen en los distintos h\u00e1bitats (trepar, correr, cavar).<\/p>\n<div id='gallery-1' class='gallery galleryid-1284 gallery-columns-3 gallery-size-thumbnail'><figure class='gallery-item'>\n\t\t\t<div class='gallery-icon landscape'>\n\t\t\t\t<a href='http:\/\/lillo.org.ar\/uel\/herpetologia\/dendropsophus-nanus\/'><img width=\"150\" height=\"150\" src=\"http:\/\/lillo.org.ar\/uel\/wp-content\/uploads\/dendropsophus-nanus-150x150.jpg\" class=\"attachment-thumbnail size-thumbnail\" alt=\"\" loading=\"lazy\" \/><\/a>\n\t\t\t<\/div><\/figure><figure class='gallery-item'>\n\t\t\t<div class='gallery-icon landscape'>\n\t\t\t\t<a href='http:\/\/lillo.org.ar\/uel\/herpetologia\/ceratophrys-cranwelli\/'><img width=\"150\" height=\"150\" src=\"http:\/\/lillo.org.ar\/uel\/wp-content\/uploads\/ceratophrys-cranwelli-150x150.jpg\" class=\"attachment-thumbnail size-thumbnail\" alt=\"\" loading=\"lazy\" \/><\/a>\n\t\t\t<\/div><\/figure><figure class='gallery-item'>\n\t\t\t<div class='gallery-icon landscape'>\n\t\t\t\t<a href='http:\/\/lillo.org.ar\/uel\/herpetologia\/cantos\/'><img width=\"150\" height=\"150\" src=\"http:\/\/lillo.org.ar\/uel\/wp-content\/uploads\/cantos-e1765828074566-150x150.jpg\" class=\"attachment-thumbnail size-thumbnail\" alt=\"\" loading=\"lazy\" srcset=\"http:\/\/lillo.org.ar\/uel\/wp-content\/uploads\/cantos-e1765828074566-150x150.jpg 150w, http:\/\/lillo.org.ar\/uel\/wp-content\/uploads\/cantos-e1765828074566-400x400.jpg 400w\" sizes=\"(max-width: 150px) 100vw, 150px\" \/><\/a>\n\t\t\t<\/div><\/figure><figure class='gallery-item'>\n\t\t\t<div class='gallery-icon landscape'>\n\t\t\t\t<a href='http:\/\/lillo.org.ar\/uel\/herpetologia\/adultos-ranas\/'><img width=\"150\" height=\"150\" src=\"http:\/\/lillo.org.ar\/uel\/wp-content\/uploads\/adultos-ranas-e1765828707156-150x150.jpg\" class=\"attachment-thumbnail size-thumbnail\" alt=\"\" loading=\"lazy\" srcset=\"http:\/\/lillo.org.ar\/uel\/wp-content\/uploads\/adultos-ranas-e1765828707156-150x150.jpg 150w, http:\/\/lillo.org.ar\/uel\/wp-content\/uploads\/adultos-ranas-e1765828707156-400x399.jpg 400w\" sizes=\"(max-width: 150px) 100vw, 150px\" \/><\/a>\n\t\t\t<\/div><\/figure><figure class='gallery-item'>\n\t\t\t<div class='gallery-icon landscape'>\n\t\t\t\t<a href='http:\/\/lillo.org.ar\/uel\/herpetologia\/embrionatelopus\/'><img width=\"150\" height=\"150\" src=\"http:\/\/lillo.org.ar\/uel\/wp-content\/uploads\/embrionatelopus-150x150.jpg\" class=\"attachment-thumbnail size-thumbnail\" alt=\"\" loading=\"lazy\" srcset=\"http:\/\/lillo.org.ar\/uel\/wp-content\/uploads\/embrionatelopus-150x150.jpg 150w, http:\/\/lillo.org.ar\/uel\/wp-content\/uploads\/embrionatelopus.jpg 400w\" sizes=\"(max-width: 150px) 100vw, 150px\" \/><\/a>\n\t\t\t<\/div><\/figure><figure class='gallery-item'>\n\t\t\t<div class='gallery-icon landscape'>\n\t\t\t\t<a href='http:\/\/lillo.org.ar\/uel\/herpetologia\/liolaemus-huacahuasicus-macho-adulto-lara-tucuman-ph-csa-csa_1061\/'><img width=\"150\" height=\"150\" src=\"http:\/\/lillo.org.ar\/uel\/wp-content\/uploads\/liolaemus-huacahuasicus-macho-adulto-lara-tucuman-ph-csa-csa_1061-150x150.jpg\" class=\"attachment-thumbnail size-thumbnail\" alt=\"\" loading=\"lazy\" \/><\/a>\n\t\t\t<\/div><\/figure><figure class='gallery-item'>\n\t\t\t<div class='gallery-icon landscape'>\n\t\t\t\t<a href='http:\/\/lillo.org.ar\/uel\/herpetologia\/liolaemus-josei-adulto-macho-localidad-tipo-c-s-abdala-9450\/'><img width=\"150\" height=\"150\" src=\"http:\/\/lillo.org.ar\/uel\/wp-content\/uploads\/liolaemus-josei-adulto-macho-localidad-tipo--c--s--abdala-9450-150x150.jpg\" class=\"attachment-thumbnail size-thumbnail\" alt=\"\" loading=\"lazy\" \/><\/a>\n\t\t\t<\/div><\/figure><figure class='gallery-item'>\n\t\t\t<div class='gallery-icon landscape'>\n\t\t\t\t<a href='http:\/\/lillo.org.ar\/uel\/herpetologia\/escamas2\/'><img width=\"150\" height=\"150\" src=\"http:\/\/lillo.org.ar\/uel\/wp-content\/uploads\/escamas2-e1765828159682-150x150.jpg\" class=\"attachment-thumbnail size-thumbnail\" alt=\"\" loading=\"lazy\" srcset=\"http:\/\/lillo.org.ar\/uel\/wp-content\/uploads\/escamas2-e1765828159682-150x150.jpg 150w, http:\/\/lillo.org.ar\/uel\/wp-content\/uploads\/escamas2-e1765828159682-400x400.jpg 400w\" sizes=\"(max-width: 150px) 100vw, 150px\" \/><\/a>\n\t\t\t<\/div><\/figure>\n\t\t<\/div>\n\n<h3>Investigadores:<\/h3>\n<p><table class= 'bibliplug-authors'><tr><td><a href='http:\/\/lillo.org.ar\/uel\/author\/cristian-abdala\/'><img alt='Cristian Abdala' src='http:\/\/lillo.org.ar\/uel\/wp-content\/uploads\/cristian-abdala_avatar_1505421214-120x120.jpg' class='avatar avatar-120 photo' height='120' width='120' \/><\/a><\/td><td><strong><a href='http:\/\/lillo.org.ar\/uel\/author\/cristian-abdala\/'>Cristian Sim\u00f3n Abdala<\/strong><\/a><br\/>Investigador Adjunto\r<br\/>CONICET\r<br\/>Herpetol\u00f3gica<\/td><tr><\/table><br \/>\n<table class= 'bibliplug-authors'><tr><td><a href='http:\/\/lillo.org.ar\/uel\/author\/barrionuevo-jose\/'><img alt='Jos\u00e9 Sebasti\u00e1n Barrionuevo' src='http:\/\/lillo.org.ar\/uel\/wp-content\/uploads\/barrionuevo-120x120.jpg' class='avatar avatar-120 photo' height='120' width='120' \/><\/a><\/td><td><strong><a href='http:\/\/lillo.org.ar\/uel\/author\/barrionuevo-jose\/'>Jos\u00e9 Sebasti\u00e1n Barrionuevo<\/strong><\/a><br\/>Investigador Adjunto \r<br\/>CONICET\r<br\/>FML\r<br\/>Herpetolog\u00eda<\/td><tr><\/table><br \/>\n<table class= 'bibliplug-authors'><tr><td><a href='http:\/\/lillo.org.ar\/uel\/author\/florencia-candioti\/'><img alt='Florencia Vera Candioti' src='http:\/\/lillo.org.ar\/uel\/wp-content\/uploads\/win_20241018_09_28_43_pro-120x120.jpg' class='avatar avatar-120 photo' height='120' width='120' \/><\/a><\/td><td><strong><a href='http:\/\/lillo.org.ar\/uel\/author\/florencia-candioti\/'>Florencia Vera Candioti<\/strong><\/a><br\/>Investigadora Independiente\r<br\/>CONICET\r<br\/>Herpetolog\u00eda<\/td><tr><\/table><br \/>\n<table class= 'bibliplug-authors'><tr><td><a href='http:\/\/lillo.org.ar\/uel\/author\/jessica-fratani\/'><img alt='Jessica Fratani' src='http:\/\/lillo.org.ar\/uel\/wp-content\/uploads\/jessica-fratani_avatar_1504642954-120x120.png' class='avatar avatar-120 photo' height='120' width='120' \/><\/a><\/td><td><strong><a href='http:\/\/lillo.org.ar\/uel\/author\/jessica-fratani\/'>Jessica Fratani<\/strong><\/a><br\/>Investigadora Asistente\r<br\/>Herpetolog\u00eda<\/td><tr><\/table><br \/>\n<table class= 'bibliplug-authors'><tr><td><a href='http:\/\/lillo.org.ar\/uel\/author\/laura-ponssa\/'><img alt='Mar\u00eda Laura Ponssa' src='http:\/\/lillo.org.ar\/uel\/wp-content\/uploads\/maria-laura-ponssa_avatar_1502906189-120x120.jpg' class='avatar avatar-120 photo' height='120' width='120' \/><\/a><\/td><td><strong><a href='http:\/\/lillo.org.ar\/uel\/author\/laura-ponssa\/'>Mar\u00eda Laura Ponssa<\/strong><\/a><br\/>Investigadora Independiente\r<br\/>CONICET\r<br\/>Herpetolog\u00eda<\/td><tr><\/table><br \/>\n<table class= 'bibliplug-authors'><tr><td><a href='http:\/\/lillo.org.ar\/uel\/author\/romina-semhan\/'><img alt='Romina Semhan' src='http:\/\/lillo.org.ar\/uel\/wp-content\/uploads\/romina-120x120.jpeg' class='avatar avatar-120 photo' height='120' width='120' \/><\/a><\/td><td><strong><a href='http:\/\/lillo.org.ar\/uel\/author\/romina-semhan\/'>Romina Semhan<\/strong><\/a><br\/>Investigadora Asistente\r<br\/>CONICET\r<br\/>Herpetolog\u00eda<\/td><tr><\/table><br \/>\n<table class= 'bibliplug-authors'><tr><td><a href='http:\/\/lillo.org.ar\/uel\/author\/maria-jose-tulli\/'><img alt='Mar\u00eda Jos\u00e9 Tulli' src='http:\/\/lillo.org.ar\/uel\/wp-content\/uploads\/tulli-120x120.jpeg' class='avatar avatar-120 photo' height='120' width='120' \/><\/a><\/td><td><strong><a href='http:\/\/lillo.org.ar\/uel\/author\/maria-jose-tulli\/'>Mar\u00eda Jos\u00e9 Tulli<\/strong><\/a><br\/>Investigadora Adjunta\r<br\/>CONICET\r<br\/>Herpetolog\u00eda<\/td><tr><\/table><\/p>\n<h3>Becarios Doctorales:<\/h3>\n<p><table class= 'bibliplug-authors'><tr><td><a href='http:\/\/lillo.org.ar\/uel\/author\/carito-lobo95gmail-com\/'><img alt='Carolina Mar\u00eda Lobo Ter\u00e1n' src='http:\/\/lillo.org.ar\/uel\/wp-content\/uploads\/carolina-120x120.jpg' class='avatar avatar-120 photo' height='120' width='120' \/><\/a><\/td><td><strong><a href='http:\/\/lillo.org.ar\/uel\/author\/carito-lobo95gmail-com\/'>Carolina Mar\u00eda Lobo Ter\u00e1n<\/strong><\/a><br\/>Becaria doctoral \r<br\/>CONICET\r<br\/><\/td><tr><\/table><br \/>\n<table class= 'bibliplug-authors'><tr><td><a href='http:\/\/lillo.org.ar\/uel\/author\/folly-henriquegmail-com\/'><img alt='Henrique Silva Guedes Folly' src='http:\/\/lillo.org.ar\/uel\/wp-content\/uploads\/hfolly-120x120.jpg' class='avatar avatar-120 photo' height='120' width='120' \/><\/a><\/td><td><strong><a href='http:\/\/lillo.org.ar\/uel\/author\/folly-henriquegmail-com\/'>Henrique Silva Guedes Folly<\/strong><\/a><br\/>Becario doctoral \r<br\/>CONICET<\/td><tr><\/table><br \/>\n<table class= 'bibliplug-authors'><tr><td><a href='http:\/\/lillo.org.ar\/uel\/author\/jorge-torresfundacioncalima-org\/'><img alt='' src='http:\/\/2.gravatar.com\/avatar\/58290c47722c9cbeee9d8ab091abb188?s=120&#038;d=mm&#038;r=g' srcset='http:\/\/2.gravatar.com\/avatar\/58290c47722c9cbeee9d8ab091abb188?s=240&#038;d=mm&#038;r=g 2x' class='avatar avatar-120 photo' height='120' width='120' loading='lazy'\/><\/a><\/td><td><strong><a href='http:\/\/lillo.org.ar\/uel\/author\/jorge-torresfundacioncalima-org\/'>Jorge Torres<\/strong><\/a><br\/>Becario doctoral\r<br\/>CONICET\r<br\/>Herpetolog\u00eda<\/td><tr><\/table><\/p>\n<h3>Personal de Apoyo:<\/h3>\n<table class= 'bibliplug-authors'><tr><td><a href='http:\/\/lillo.org.ar\/uel\/author\/maria-haad\/'><img alt='Bel\u00e9n Haad' src='http:\/\/lillo.org.ar\/uel\/wp-content\/uploads\/belen-120x120.jpg' class='avatar avatar-120 photo' height='120' width='120' \/><\/a><\/td><td><strong><a href='http:\/\/lillo.org.ar\/uel\/author\/maria-haad\/'>Bel\u00e9n Haad<\/strong><\/a><br\/>CPA Profesional Asistente\r<br\/>\u00c1rea de Herpetolog\u00eda\r<br\/>\r<br\/><\/td><tr><\/table>\n","protected":false},"excerpt":{"rendered":"<p>En el \u00c1rea Herpetolog\u00eda de la UEL actualmente desarrollamos tareas los investigadores: Florencia Vera Candioti, Cristian Abdala, Mar\u00eda Jos\u00e9 Tulli, Sebasti\u00e1n Barrionuevo, Romina Semhan, J\u00e9ssica Fratani, Mar\u00eda Laura Ponssa; tres becarios doctorales: Facundo Deforel, Henrique Silva Guedes Folly, Noelia Garc\u00eda; un becario postdoctoral: Diego Almeida-Silva; y una t\u00e9cnica de la carrera del personal de apoyo: [&hellip;]<\/p>\n","protected":false},"author":66,"featured_media":0,"parent":0,"menu_order":0,"comment_status":"closed","ping_status":"closed","template":"","meta":[],"aioseo_notices":[],"_links":{"self":[{"href":"http:\/\/lillo.org.ar\/uel\/wp-json\/wp\/v2\/pages\/1284"}],"collection":[{"href":"http:\/\/lillo.org.ar\/uel\/wp-json\/wp\/v2\/pages"}],"about":[{"href":"http:\/\/lillo.org.ar\/uel\/wp-json\/wp\/v2\/types\/page"}],"author":[{"embeddable":true,"href":"http:\/\/lillo.org.ar\/uel\/wp-json\/wp\/v2\/users\/66"}],"replies":[{"embeddable":true,"href":"http:\/\/lillo.org.ar\/uel\/wp-json\/wp\/v2\/comments?post=1284"}],"version-history":[{"count":33,"href":"http:\/\/lillo.org.ar\/uel\/wp-json\/wp\/v2\/pages\/1284\/revisions"}],"predecessor-version":[{"id":2265,"href":"http:\/\/lillo.org.ar\/uel\/wp-json\/wp\/v2\/pages\/1284\/revisions\/2265"}],"wp:attachment":[{"href":"http:\/\/lillo.org.ar\/uel\/wp-json\/wp\/v2\/media?parent=1284"}],"curies":[{"name":"wp","href":"https:\/\/api.w.org\/{rel}","templated":true}]}}